{"id":676,"date":"2023-10-16T12:07:55","date_gmt":"2023-10-16T10:07:55","guid":{"rendered":"https:\/\/www.kuttenkeuler.de\/%d0%bf%d1%80%d0%b5%d1%81%d1%81%d0%b0\/"},"modified":"2024-08-29T13:11:36","modified_gmt":"2024-08-29T11:11:36","slug":"%d0%bf%d1%80%d0%b5%d1%81%d1%81%d0%b0","status":"publish","type":"page","link":"https:\/\/www.kuttenkeuler.de\/ru\/%d0%bf%d1%80%d0%b5%d1%81%d1%81%d0%b0\/","title":{"rendered":"\u041f\u0440\u0435\u0441\u0441\u0430"},"content":{"rendered":"<div class=\"wpb-content-wrapper\"><p>[vc_row css=&#187;.vc_custom_1698747751359{margin-top: -50px !important;padding-right: 20px !important;padding-left: 20px !important;background-color: #ffffff !important;}&#187;][vc_column width=&#187;1\/2&#8243;][vc_column_text]<\/p>\n<h2 id=\"middle1\" class=\"gunmetal\">\u041f\u0440\u0435\u0441\u0441\u0430<\/h2>\n<h3>\u041e\u0442\u0432\u0435\u0442\u0441\u0442\u0432\u0435\u043d\u043d\u044b\u0439 \u0437\u0430 \u0441\u043e\u0434\u0435\u0440\u0436\u0430\u043d\u0438\u0435 \u0441\u043e\u0433\u043b\u0430\u0441\u043d\u043e \u00a7 55 II RStV:<\/h3>\n<p>Carsten M\u00fcller Dieselstra\u00dfe 10 50996 K\u00f6ln +49 2236 96203-0<\/p>\n<h6>Kuttenkeuler Mineral\u00f6lhandels- und Tankstellenbetriebsgesellschaft mbH Dieselstra\u00dfe 10 50996 K\u00f6ln<\/h6>\n<p>Handelsregister: Amtsgericht K\u00f6ln HRB 849 Mitglied der IHK K\u00f6ln, Nr. 46969603 USt-ID-Nr. DE 180349238 Gesch\u00e4ftsf\u00fchrung: Carsten M\u00fcller Das Design, die Text, Grafiken und Formulare sind durch Copyright, Rechte an geistigem Eigentum und allen anderen entsprechenden Rechten gesch\u00fctzt.  \u0420\u0430\u0437\u043c\u043d\u043e\u0436\u0435\u043d\u0438\u0435 \u0438\u043b\u0438 \u043a\u043e\u043f\u0438\u0440\u043e\u0432\u0430\u043d\u0438\u0435 \u0441 \u044d\u0442\u043e\u0439 Web-\u0441\u0442\u0440\u0430\u043d\u0438\u0446\u044b \u0432\u043e\u0437\u043c\u043e\u0436\u043d\u043e \u0442\u043e\u043b\u044c\u043a\u043e \u0441 \u043f\u0440\u0435\u0434\u0432\u0430\u0440\u0438\u0442\u0435\u043b\u044c\u043d\u043e\u0433\u043e, \u043f\u0438\u0441\u044c\u043c\u0435\u043d\u043e\u0433\u043e \u0440\u0430\u0437\u0440\u0435\u0448\u0435\u043d\u0438\u044f \u0444\u0438\u0440\u043c\u044b Kuttenkeuler. \u0414\u043b\u044f \u0437\u0430\u043a\u0430\u0437\u0430 \u043f\u0440\u043e\u0434\u0443\u043a\u0442\u043e\u0432 \u0431\u0443\u0434\u0435\u0442 \u0432\u044b\u0434\u0430\u043d\u043e \u0440\u0430\u0437\u0440\u0435\u0448\u0435\u043d\u0438\u0435 \u043d\u0430 \u0440\u0441\u043f\u0435\u0447\u0430\u0442\u043a\u0443 \u043d\u0435\u043e\u0431\u0445\u043e\u0434\u0438\u043c\u044b\u0445 \u0434\u043b\u044f \u044d\u0442\u043e\u0433\u043e \u0441\u0442\u0440\u0430\u043d\u0438\u0446. \u0412\u0441\u0435 \u043e\u0441\u0442\u0430\u043b\u044c\u043d\u044b\u0435 \u043f\u0440\u0430\u0432\u0430 \u043e\u0441\u0442\u0430\u044e\u0442\u0441\u044f \u0437\u0430 \u043d\u0430\u043c\u0438. \u0422\u043e\u0432\u0430\u0440\u043d\u044b\u0439 \u0437\u043d\u0430\u043a, \u043b\u043e\u0433\u043e \u0438 \u043d\u0430\u0437\u0432\u0430\u043d\u0438\u0435 \u0444\u0438\u0440\u043c\u044b, \u0435\u0441\u043b\u0438 \u0434\u0440\u0443\u0433\u043e\u0433\u043e \u043d\u0435 \u0434\u0430\u043d\u043e, \u044f\u0432\u043b\u044f\u044e\u0442\u0441\u044f \u0441\u043e\u0431\u0441\u0442\u0432\u0435\u043d\u043d\u043e\u0441\u0442\u044c\u044e. \u0412\u0441\u044f \u043f\u0440\u0435\u0434\u043e\u0441\u0442\u0430\u0432\u043b\u0435\u043d\u043d\u0430\u044f \u043d\u0430\u043c\u0438 \u0438\u043d\u0444\u043e\u0440\u043c\u0430\u0446\u0438\u044f \u043f\u043e\u0434\u043e\u0431\u0440\u0430\u043d\u0430 \u0442\u0449\u0430\u0442\u0435\u043b\u044c\u043d\u043e \u0438 \u043f\u0440\u0430\u0432\u0434\u0438\u0432\u043e. \u041e\u0434\u043d\u0430\u043a\u043e \u043c\u044b \u043d\u0435 \u043d\u0435\u0441\u0435\u043c \u0433\u0440\u0430\u043d\u0442\u0438\u0438 \u0437\u0430 \u0432\u0438\u0434, \u043f\u043e\u043b\u043d\u043e\u0442\u0443 \u0438 \u043f\u0440\u0430\u0432\u0438\u043b\u044c\u043d\u043e\u0441\u0442\u044c \u0438\u043d\u0444\u043e\u0440\u043c\u0430\u0446\u0438\u0438. \u0418\u0441\u043f\u043e\u043b\u044c\u0437\u043e\u0432\u0430\u043d\u0438\u0435 \u043d\u0430\u0448\u0438\u0445 \u0441\u0442\u0440\u0430\u043d\u0438\u0446 \u0438\u0437 \u0438\u043d\u0442\u0435\u0440\u043d\u0435\u0442\u0430 \u0434\u043b\u044f \u0447\u0443\u0436\u0438\u0445 \u0438\u043d\u0442\u0435\u0440\u043d\u0435\u0442-\u0441\u0430\u0439\u0442 \u043a\u0430\u0442\u0435\u0433\u043e\u0440\u0438\u0447\u0435\u0441\u043a\u0438 \u0437\u0430\u043f\u0440\u0435\u0449\u0435\u043d\u043e. \u0412\u044b\u0441\u0442\u0430\u0432\u043b\u044f\u0442\u044c \u0434\u043e\u043f\u043e\u043b\u043d\u0438\u0442\u0435\u043b\u044c\u043d\u043e (\u043b\u0438\u043d\u043a\u0438) \u043a \u044d\u0442\u043e\u0439 Web-\u0441\u0442\u0440\u0430\u043d\u0438\u0446\u0435 \u043d\u0430\u043e\u0431\u043e\u0440\u043e\u0442 \u0440\u0430\u0437\u0440\u0435\u0448\u0435\u043d\u043e \u0438 \u043f\u0440\u0438\u0432\u0435\u0442\u0441\u0442\u0432\u0443\u0435\u0442\u0441\u044f. &nbsp; \u0412 \u0415\u0432\u0440\u043e\u043f\u0435\u0439\u0441\u043a\u043e\u043c \u0421\u043e\u044e\u0437\u0435 \u0441\u043e\u0437\u0434\u0430\u043d\u0430 \u043e\u043d\u043b\u0430\u0439\u043d-\u043f\u043b\u0430\u0442\u0444\u043e\u0440\u043c\u0430 (\u00ab\u041f\u043b\u0430\u0442\u0444\u043e\u0440\u043c\u0430 \u041e\u0421\u00bb) \u0434\u043b\u044f \u0432\u043d\u0435\u0441\u0443\u0434\u0435\u0431\u043d\u043e\u0433\u043e \u0443\u0440\u0435\u0433\u0443\u043b\u0438\u0440\u043e\u0432\u0430\u043d\u0438\u044f \u043f\u043e\u0442\u0440\u0435\u0431\u0438\u0442\u0435\u043b\u044c\u0441\u043a\u0438\u0445 \u0441\u043f\u043e\u0440\u043e\u0432, \u0441\u0432\u044f\u0437\u0430\u0442\u044c\u0441\u044f \u0441 \u043a\u043e\u0442\u043e\u0440\u043e\u0439 \u0432\u044b \u0432\u0441\u043a\u043e\u0440\u0435 \u0441\u043c\u043e\u0436\u0435\u0442\u0435. \u041f\u043b\u0430\u0442\u0444\u043e\u0440\u043c\u0443 \u043c\u043e\u0436\u043d\u043e \u043d\u0430\u0439\u0442\u0438 \u043f\u043e \u0430\u0434\u0440\u0435\u0441\u0443: <a href=\"http:\/\/ec.europa.eu\/consumers\/odr\">http:\/\/ec.europa.eu\/consumers\/odr<\/a>. \u0418\u043d\u0444\u043e\u0440\u043c\u0430\u0446\u0438\u044f \u0432 \u0441\u043e\u043e\u0442\u0432\u0435\u0442\u0441\u0442\u0432\u0438\u0438 \u0441 \u0417\u0430\u043a\u043e\u043d\u043e\u043c \u043e \u0440\u0430\u0437\u0440\u0435\u0448\u0435\u043d\u0438\u0438 \u043f\u043e\u0442\u0440\u0435\u0431\u0438\u0442\u0435\u043b\u044c\u0441\u043a\u0438\u0445 \u0441\u043f\u043e\u0440\u043e\u0432 (VSBG): \u041c\u044b \u043d\u0435 \u0436\u0435\u043b\u0430\u0435\u043c \u0438 \u043d\u0435 \u043e\u0431\u044f\u0437\u0430\u043d\u044b \u043f\u0440\u0438\u043d\u0438\u043c\u0430\u0442\u044c \u0443\u0447\u0430\u0441\u0442\u0438\u0435 \u0432 \u0440\u0430\u0437\u0431\u0438\u0440\u0430\u0442\u0435\u043b\u044c\u0441\u0442\u0432\u0430\u0445 \u043f\u043e \u0440\u0430\u0437\u0440\u0435\u0448\u0435\u043d\u0438\u044e \u0441\u043f\u043e\u0440\u043e\u0432 \u0432 \u043f\u043e\u0442\u0440\u0435\u0431\u0438\u0442\u0435\u043b\u044c\u0441\u043a\u043e\u043c \u0430\u0440\u0431\u0438\u0442\u0440\u0430\u0436\u043d\u043e\u043c \u0441\u043e\u0432\u0435\u0442\u0435 \u043f\u043e \u0441\u043c\u044b\u0441\u043b\u0443 \u0417\u0430\u043a\u043e\u043d\u0430 \u043e \u0440\u0430\u0437\u0440\u0435\u0448\u0435\u043d\u0438\u0438 \u043f\u043e\u0442\u0440\u0435\u0431\u0438\u0442\u0435\u043b\u044c\u0441\u043a\u0438\u0445 \u0441\u043f\u043e\u0440\u043e\u0432.[\/vc_column_text][\/vc_column][vc_column width=&#187;1\/2&#8243;][vc_column_text]<\/p>\n<h2>\u041a\u043e\u043d\u0442\u0430\u043a\u0442<\/h2>\n<p>[\/vc_column_text]\n<div class=\"wpcf7 no-js\" id=\"wpcf7-f2292-o1\" lang=\"de-DE\" dir=\"ltr\" data-wpcf7-id=\"2292\">\n<div class=\"screen-reader-response\"><p role=\"status\" aria-live=\"polite\" aria-atomic=\"true\"><\/p> <ul><\/ul><\/div>\n<form action=\"\/ru\/wp-json\/wp\/v2\/pages\/676#wpcf7-f2292-o1\" method=\"post\" class=\"wpcf7-form init\" aria-label=\"Kontaktformular\" novalidate=\"novalidate\" data-status=\"init\">\n<fieldset class=\"hidden-fields-container\"><input type=\"hidden\" name=\"_wpcf7\" value=\"2292\" \/><input type=\"hidden\" name=\"_wpcf7_version\" value=\"6.1.5\" \/><input type=\"hidden\" name=\"_wpcf7_locale\" value=\"de_DE_formal\" \/><input type=\"hidden\" name=\"_wpcf7_unit_tag\" value=\"wpcf7-f2292-o1\" \/><input type=\"hidden\" name=\"_wpcf7_container_post\" value=\"0\" \/><input type=\"hidden\" name=\"_wpcf7_posted_data_hash\" value=\"\" \/><input type=\"hidden\" name=\"_wpcf7_recaptcha_response\" value=\"\" \/>\n<\/fieldset>\n<div class=\"wpcf7-response-output\" aria-hidden=\"true\"><\/div>\n<\/form>\n<\/div>\n[\/vc_column][\/vc_row]<\/p>\n<\/div>","protected":false},"excerpt":{"rendered":"<p>[vc_row css=&#187;.vc_custom_1698747751359{margin-top: -50px !important;padding-right: 20px !important;padding-left: 20px !important;background-color: #ffffff !important;}&#187;][vc_column width=&#187;1\/2&#8243;][vc_column_text] \u041f\u0440\u0435\u0441\u0441\u0430 \u041e\u0442\u0432\u0435\u0442\u0441\u0442\u0432\u0435\u043d\u043d\u044b\u0439 \u0437\u0430 \u0441\u043e\u0434\u0435\u0440\u0436\u0430\u043d\u0438\u0435 \u0441\u043e\u0433\u043b\u0430\u0441\u043d\u043e \u00a7 55 II RStV: Carsten M\u00fcller Dieselstra\u00dfe 10 50996 K\u00f6ln<span class=\"excerpt-hellip\"> [\u2026]<\/span><\/p>\n","protected":false},"author":1,"featured_media":0,"parent":0,"menu_order":0,"comment_status":"closed","ping_status":"closed","template":"","meta":{"inline_featured_image":false,"footnotes":""},"class_list":["post-676","page","type-page","status-publish","hentry"],"yoast_head":"<!-- This site is optimized with the Yoast SEO Premium plugin v27.0 (Yoast SEO v27.0) - https:\/\/yoast.com\/product\/yoast-seo-premium-wordpress\/ -->\n<title>Unternehmensgruppe Kuttenkeuler - \u041f\u0440\u0435\u0441\u0441\u0430<\/title>\n<meta name=\"robots\" content=\"index, follow, max-snippet:-1, max-image-preview:large, max-video-preview:-1\" \/>\n<link rel=\"canonical\" href=\"https:\/\/www.kuttenkeuler.de\/ru\/\u043f\u0440\u0435\u0441\u0441\u0430\/\" \/>\n<meta property=\"og:locale\" content=\"ru_RU\" \/>\n<meta property=\"og:type\" content=\"article\" \/>\n<meta property=\"og:title\" content=\"\u041f\u0440\u0435\u0441\u0441\u0430\" \/>\n<meta property=\"og:description\" content=\"[vc_row css=&#187;.vc_custom_1698747751359{margin-top: -50px !important;padding-right: 20px !important;padding-left: 20px !important;background-color: #ffffff !important;}&#187;][vc_column width=&#187;1\/2&#8243;][vc_column_text] \u041f\u0440\u0435\u0441\u0441\u0430 \u041e\u0442\u0432\u0435\u0442\u0441\u0442\u0432\u0435\u043d\u043d\u044b\u0439 \u0437\u0430 \u0441\u043e\u0434\u0435\u0440\u0436\u0430\u043d\u0438\u0435 \u0441\u043e\u0433\u043b\u0430\u0441\u043d\u043e \u00a7 55 II RStV: Carsten M\u00fcller Dieselstra\u00dfe 10 50996 K\u00f6ln [\u2026]\" \/>\n<meta property=\"og:url\" content=\"https:\/\/www.kuttenkeuler.de\/ru\/\u043f\u0440\u0435\u0441\u0441\u0430\/\" \/>\n<meta property=\"og:site_name\" content=\"Unternehmensgruppe Kuttenkeuler\" \/>\n<meta property=\"article:modified_time\" content=\"2024-08-29T11:11:36+00:00\" \/>\n<meta property=\"og:image\" content=\"https:\/\/www.kuttenkeuler.de\/wp-content\/uploads\/2023\/10\/map_logo-1.png\" \/>\n\t<meta property=\"og:image:width\" content=\"1200\" \/>\n\t<meta property=\"og:image:height\" content=\"929\" \/>\n\t<meta property=\"og:image:type\" content=\"image\/png\" \/>\n<meta name=\"twitter:card\" content=\"summary_large_image\" \/>\n<meta name=\"twitter:label1\" content=\"\u041f\u0440\u0438\u043c\u0435\u0440\u043d\u043e\u0435 \u0432\u0440\u0435\u043c\u044f \u0434\u043b\u044f \u0447\u0442\u0435\u043d\u0438\u044f\" \/>\n\t<meta name=\"twitter:data1\" content=\"2 \u043c\u0438\u043d\u0443\u0442\u044b\" \/>\n<script type=\"application\/ld+json\" class=\"yoast-schema-graph\">{\"@context\":\"https:\/\/schema.org\",\"@graph\":[{\"@type\":\"WebPage\",\"@id\":\"https:\/\/www.kuttenkeuler.de\/ru\/%d0%bf%d1%80%d0%b5%d1%81%d1%81%d0%b0\/\",\"url\":\"https:\/\/www.kuttenkeuler.de\/ru\/%d0%bf%d1%80%d0%b5%d1%81%d1%81%d0%b0\/\",\"name\":\"Unternehmensgruppe Kuttenkeuler - \u041f\u0440\u0435\u0441\u0441\u0430\",\"isPartOf\":{\"@id\":\"https:\/\/www.kuttenkeuler.de\/#website\"},\"datePublished\":\"2023-10-16T10:07:55+00:00\",\"dateModified\":\"2024-08-29T11:11:36+00:00\",\"breadcrumb\":{\"@id\":\"https:\/\/www.kuttenkeuler.de\/ru\/%d0%bf%d1%80%d0%b5%d1%81%d1%81%d0%b0\/#breadcrumb\"},\"inLanguage\":\"ru-RU\",\"potentialAction\":[{\"@type\":\"ReadAction\",\"target\":[\"https:\/\/www.kuttenkeuler.de\/ru\/%d0%bf%d1%80%d0%b5%d1%81%d1%81%d0%b0\/\"]}]},{\"@type\":\"BreadcrumbList\",\"@id\":\"https:\/\/www.kuttenkeuler.de\/ru\/%d0%bf%d1%80%d0%b5%d1%81%d1%81%d0%b0\/#breadcrumb\",\"itemListElement\":[{\"@type\":\"ListItem\",\"position\":1,\"name\":\"Startseite\",\"item\":\"https:\/\/www.kuttenkeuler.de\/ru\/\"},{\"@type\":\"ListItem\",\"position\":2,\"name\":\"\u041f\u0440\u0435\u0441\u0441\u0430\"}]},{\"@type\":\"WebSite\",\"@id\":\"https:\/\/www.kuttenkeuler.de\/#website\",\"url\":\"https:\/\/www.kuttenkeuler.de\/\",\"name\":\"Unternehmensgruppe Kuttenkeuler - Tankstellen, Motor\u00f6le und Schmierstoffe, Chemische Produkte, Kraftstoffe\",\"description\":\"\",\"publisher\":{\"@id\":\"https:\/\/www.kuttenkeuler.de\/#organization\"},\"alternateName\":\"Unternehmensgruppe Kuttenkeuler\",\"potentialAction\":[{\"@type\":\"SearchAction\",\"target\":{\"@type\":\"EntryPoint\",\"urlTemplate\":\"https:\/\/www.kuttenkeuler.de\/?s={search_term_string}\"},\"query-input\":{\"@type\":\"PropertyValueSpecification\",\"valueRequired\":true,\"valueName\":\"search_term_string\"}}],\"inLanguage\":\"ru-RU\"},{\"@type\":\"Organization\",\"@id\":\"https:\/\/www.kuttenkeuler.de\/#organization\",\"name\":\"Kuttenkeuler Mineral\u00f6lhandels- und Tankstellenbetriebsgesellschaft mbH\",\"url\":\"https:\/\/www.kuttenkeuler.de\/\",\"logo\":{\"@type\":\"ImageObject\",\"inLanguage\":\"ru-RU\",\"@id\":\"https:\/\/www.kuttenkeuler.de\/#\/schema\/logo\/image\/\",\"url\":\"https:\/\/www.kuttenkeuler.de\/wp-content\/uploads\/2023\/10\/logo_org.png\",\"contentUrl\":\"https:\/\/www.kuttenkeuler.de\/wp-content\/uploads\/2023\/10\/logo_org.png\",\"width\":600,\"height\":205,\"caption\":\"Kuttenkeuler Mineral\u00f6lhandels- und Tankstellenbetriebsgesellschaft mbH\"},\"image\":{\"@id\":\"https:\/\/www.kuttenkeuler.de\/#\/schema\/logo\/image\/\"}}]}<\/script>\n<!-- \/ Yoast SEO Premium plugin. -->","yoast_head_json":{"title":"Unternehmensgruppe Kuttenkeuler - \u041f\u0440\u0435\u0441\u0441\u0430","robots":{"index":"index","follow":"follow","max-snippet":"max-snippet:-1","max-image-preview":"max-image-preview:large","max-video-preview":"max-video-preview:-1"},"canonical":"https:\/\/www.kuttenkeuler.de\/ru\/\u043f\u0440\u0435\u0441\u0441\u0430\/","og_locale":"ru_RU","og_type":"article","og_title":"\u041f\u0440\u0435\u0441\u0441\u0430","og_description":"[vc_row css=&#187;.vc_custom_1698747751359{margin-top: -50px !important;padding-right: 20px !important;padding-left: 20px !important;background-color: #ffffff !important;}&#187;][vc_column width=&#187;1\/2&#8243;][vc_column_text] \u041f\u0440\u0435\u0441\u0441\u0430 \u041e\u0442\u0432\u0435\u0442\u0441\u0442\u0432\u0435\u043d\u043d\u044b\u0439 \u0437\u0430 \u0441\u043e\u0434\u0435\u0440\u0436\u0430\u043d\u0438\u0435 \u0441\u043e\u0433\u043b\u0430\u0441\u043d\u043e \u00a7 55 II RStV: Carsten M\u00fcller Dieselstra\u00dfe 10 50996 K\u00f6ln [\u2026]","og_url":"https:\/\/www.kuttenkeuler.de\/ru\/\u043f\u0440\u0435\u0441\u0441\u0430\/","og_site_name":"Unternehmensgruppe Kuttenkeuler","article_modified_time":"2024-08-29T11:11:36+00:00","og_image":[{"width":1200,"height":929,"url":"https:\/\/www.kuttenkeuler.de\/wp-content\/uploads\/2023\/10\/map_logo-1.png","type":"image\/png"}],"twitter_card":"summary_large_image","twitter_misc":{"\u041f\u0440\u0438\u043c\u0435\u0440\u043d\u043e\u0435 \u0432\u0440\u0435\u043c\u044f \u0434\u043b\u044f \u0447\u0442\u0435\u043d\u0438\u044f":"2 \u043c\u0438\u043d\u0443\u0442\u044b"},"schema":{"@context":"https:\/\/schema.org","@graph":[{"@type":"WebPage","@id":"https:\/\/www.kuttenkeuler.de\/ru\/%d0%bf%d1%80%d0%b5%d1%81%d1%81%d0%b0\/","url":"https:\/\/www.kuttenkeuler.de\/ru\/%d0%bf%d1%80%d0%b5%d1%81%d1%81%d0%b0\/","name":"Unternehmensgruppe Kuttenkeuler - \u041f\u0440\u0435\u0441\u0441\u0430","isPartOf":{"@id":"https:\/\/www.kuttenkeuler.de\/#website"},"datePublished":"2023-10-16T10:07:55+00:00","dateModified":"2024-08-29T11:11:36+00:00","breadcrumb":{"@id":"https:\/\/www.kuttenkeuler.de\/ru\/%d0%bf%d1%80%d0%b5%d1%81%d1%81%d0%b0\/#breadcrumb"},"inLanguage":"ru-RU","potentialAction":[{"@type":"ReadAction","target":["https:\/\/www.kuttenkeuler.de\/ru\/%d0%bf%d1%80%d0%b5%d1%81%d1%81%d0%b0\/"]}]},{"@type":"BreadcrumbList","@id":"https:\/\/www.kuttenkeuler.de\/ru\/%d0%bf%d1%80%d0%b5%d1%81%d1%81%d0%b0\/#breadcrumb","itemListElement":[{"@type":"ListItem","position":1,"name":"Startseite","item":"https:\/\/www.kuttenkeuler.de\/ru\/"},{"@type":"ListItem","position":2,"name":"\u041f\u0440\u0435\u0441\u0441\u0430"}]},{"@type":"WebSite","@id":"https:\/\/www.kuttenkeuler.de\/#website","url":"https:\/\/www.kuttenkeuler.de\/","name":"Unternehmensgruppe Kuttenkeuler - Tankstellen, Motor\u00f6le und Schmierstoffe, Chemische Produkte, Kraftstoffe","description":"","publisher":{"@id":"https:\/\/www.kuttenkeuler.de\/#organization"},"alternateName":"Unternehmensgruppe Kuttenkeuler","potentialAction":[{"@type":"SearchAction","target":{"@type":"EntryPoint","urlTemplate":"https:\/\/www.kuttenkeuler.de\/?s={search_term_string}"},"query-input":{"@type":"PropertyValueSpecification","valueRequired":true,"valueName":"search_term_string"}}],"inLanguage":"ru-RU"},{"@type":"Organization","@id":"https:\/\/www.kuttenkeuler.de\/#organization","name":"Kuttenkeuler Mineral\u00f6lhandels- und Tankstellenbetriebsgesellschaft mbH","url":"https:\/\/www.kuttenkeuler.de\/","logo":{"@type":"ImageObject","inLanguage":"ru-RU","@id":"https:\/\/www.kuttenkeuler.de\/#\/schema\/logo\/image\/","url":"https:\/\/www.kuttenkeuler.de\/wp-content\/uploads\/2023\/10\/logo_org.png","contentUrl":"https:\/\/www.kuttenkeuler.de\/wp-content\/uploads\/2023\/10\/logo_org.png","width":600,"height":205,"caption":"Kuttenkeuler Mineral\u00f6lhandels- und Tankstellenbetriebsgesellschaft mbH"},"image":{"@id":"https:\/\/www.kuttenkeuler.de\/#\/schema\/logo\/image\/"}}]}},"_links":{"self":[{"href":"https:\/\/www.kuttenkeuler.de\/ru\/wp-json\/wp\/v2\/pages\/676","targetHints":{"allow":["GET"]}}],"collection":[{"href":"https:\/\/www.kuttenkeuler.de\/ru\/wp-json\/wp\/v2\/pages"}],"about":[{"href":"https:\/\/www.kuttenkeuler.de\/ru\/wp-json\/wp\/v2\/types\/page"}],"author":[{"embeddable":true,"href":"https:\/\/www.kuttenkeuler.de\/ru\/wp-json\/wp\/v2\/users\/1"}],"replies":[{"embeddable":true,"href":"https:\/\/www.kuttenkeuler.de\/ru\/wp-json\/wp\/v2\/comments?post=676"}],"version-history":[{"count":7,"href":"https:\/\/www.kuttenkeuler.de\/ru\/wp-json\/wp\/v2\/pages\/676\/revisions"}],"predecessor-version":[{"id":2309,"href":"https:\/\/www.kuttenkeuler.de\/ru\/wp-json\/wp\/v2\/pages\/676\/revisions\/2309"}],"wp:attachment":[{"href":"https:\/\/www.kuttenkeuler.de\/ru\/wp-json\/wp\/v2\/media?parent=676"}],"curies":[{"name":"wp","href":"https:\/\/api.w.org\/{rel}","templated":true}]}}