{"id":674,"date":"2023-10-11T15:05:09","date_gmt":"2023-10-11T13:05:09","guid":{"rendered":"https:\/\/www.kuttenkeuler.de\/%d0%b7%d0%b0%d1%89%d0%b8%d1%82%d0%b0-%d0%b4%d0%b0%d0%bd%d0%bd%d1%8b%d1%85\/"},"modified":"2024-09-05T13:18:02","modified_gmt":"2024-09-05T11:18:02","slug":"%d0%b7%d0%b0%d1%89%d0%b8%d1%82%d0%b0-%d0%b4%d0%b0%d0%bd%d0%bd%d1%8b%d1%85","status":"publish","type":"page","link":"https:\/\/www.kuttenkeuler.de\/ru\/%d0%b7%d0%b0%d1%89%d0%b8%d1%82%d0%b0-%d0%b4%d0%b0%d0%bd%d0%bd%d1%8b%d1%85\/","title":{"rendered":"\u0417\u0430\u0449\u0438\u0442\u0430 \u0434\u0430\u043d\u043d\u044b\u0445"},"content":{"rendered":"<div class=\"wpb-content-wrapper\"><p>[vc_row css=&#187;.vc_custom_1698747972902{margin-top: -50px !important;padding-right: 20px !important;padding-left: 20px !important;background-color: #ffffff !important;}&#187;][vc_column width=&#187;1\/2&#8243;][vc_column_text]<\/p>\r\n<p>&#13;<\/p>\r\n<h2 id=\"middle1\" class=\"gunmetal wp-block-heading\">\u0437\u0430\u0449\u0438\u0442\u0430 \u0434\u0430\u043d\u043d\u044b\u0445<\/h2>\r\n<p>&#13;Kuttenkeuler Mineral\u00f6lhandels- und Tankstellenbetriebs GmbH<br \/>\r\nDieselstra\u00dfe 10<br \/>\r\nD-50996 K\u00f6ln<\/p>\r\n<p>&#13;<b>Telefon<\/b><br \/>\r\n+49 (0)2236 \/ 96203-0<\/p>\r\n<p>&#13;<b>Telefax<\/b><br \/>\r\n+49 (0)2236 \/ 96203-27<\/p>\r\n<p>&#13;<b>E-Mail:<\/b><br \/>\r\nMotoren\u00f6le &amp; Schmierstoffe, Chemische Produkte<br \/>\r\n<a href=\"mailto:vertrieb.schmierstoffe@kuttenkeuler.com\">vertrieb.schmierstoffe@kuttenkeuler.com<\/a><\/p>\r\n<p>&#13;Treibstoffe, Tankstellen<br \/>\r\n<a href=\"mailto:vertrieb.treibstoffe@kuttenkeuler.com\">vertrieb.treibstoffe@kuttenkeuler.com<\/a><\/p>\r\n<p>&#13;Handelsregister: Amtsgericht K\u00f6ln HRB 849<br \/>\r\nMitglied der IHK K\u00f6ln, Nr. 46969603<br \/>\r\nUSt-ID Nr. DE 180349238<\/p>\r\n<p>&#13;Gesch\u00e4ftsf\u00fchrung: Carsten M\u00fcller<\/p>\r\n<p>&#13;<\/p>\r\n<p>&#13;[\/vc_column_text][\/vc_column][vc_column width=&#187;1\/2&#8243;][vc_column_text]<\/p>\r\n<p>&#13;<\/p>\r\n<h2>\u041a\u043e\u043d\u0442\u0430\u043a\u0442<\/h2>\r\n<p>&#13;[\/vc_column_text]\n<div class=\"wpcf7 no-js\" id=\"wpcf7-f2107-o1\" lang=\"ru-RU\" dir=\"ltr\" data-wpcf7-id=\"2107\">\n<div class=\"screen-reader-response\"><p role=\"status\" aria-live=\"polite\" aria-atomic=\"true\"><\/p> <ul><\/ul><\/div>\n<form action=\"\/ru\/wp-json\/wp\/v2\/pages\/674#wpcf7-f2107-o1\" method=\"post\" class=\"wpcf7-form init\" aria-label=\"\u041a\u043e\u043d\u0442\u0430\u043a\u0442\u043d\u0430\u044f \u0444\u043e\u0440\u043c\u0430\" novalidate=\"novalidate\" data-status=\"init\">\n<fieldset class=\"hidden-fields-container\"><input type=\"hidden\" name=\"_wpcf7\" value=\"2107\" \/><input type=\"hidden\" name=\"_wpcf7_version\" value=\"6.1.5\" \/><input type=\"hidden\" name=\"_wpcf7_locale\" value=\"ru_RU\" \/><input type=\"hidden\" name=\"_wpcf7_unit_tag\" value=\"wpcf7-f2107-o1\" \/><input type=\"hidden\" name=\"_wpcf7_container_post\" value=\"0\" \/><input type=\"hidden\" name=\"_wpcf7_posted_data_hash\" value=\"\" \/><input type=\"hidden\" name=\"_wpcf7_recaptcha_response\" value=\"\" \/>\n<\/fieldset>\n<p><label> \u0424\u0430\u043c\u0438\u043b\u0438\u044f<br \/>\n<span class=\"wpcf7-form-control-wrap\" data-name=\"your-name\"><input size=\"40\" maxlength=\"400\" class=\"wpcf7-form-control wpcf7-text wpcf7-validates-as-required\" autocomplete=\"name\" aria-required=\"true\" aria-invalid=\"false\" value=\"\" type=\"text\" name=\"your-name\" \/><\/span> <\/label>\n<\/p>\n<p><label> \u041a\u043e\u043c\u043f\u0430\u043d\u0438\u044f<br \/>\n<span class=\"wpcf7-form-control-wrap\" data-name=\"your-company\"><input size=\"40\" maxlength=\"400\" class=\"wpcf7-form-control wpcf7-text wpcf7-validates-as-required\" aria-required=\"true\" aria-invalid=\"false\" value=\"\" type=\"text\" name=\"your-company\" \/><\/span> <\/label>\n<\/p>\n<p><label> \u044d\u043b\u0435\u043a\u0442\u0440\u043e\u043d\u043d\u0430\u044f \u043f\u043e\u0447\u0442\u0430<br \/>\n<span class=\"wpcf7-form-control-wrap\" data-name=\"your-email\"><input size=\"40\" maxlength=\"400\" class=\"wpcf7-form-control wpcf7-email wpcf7-validates-as-required wpcf7-text wpcf7-validates-as-email\" autocomplete=\"email\" aria-required=\"true\" aria-invalid=\"false\" value=\"\" type=\"email\" name=\"your-email\" \/><\/span> <\/label>\n<\/p>\n<p><label> \u041f\u0440\u0435\u0434\u043c\u0435\u0442<br \/>\n<span class=\"wpcf7-form-control-wrap\" data-name=\"your-subject\"><input size=\"40\" maxlength=\"400\" class=\"wpcf7-form-control wpcf7-text wpcf7-validates-as-required\" aria-required=\"true\" aria-invalid=\"false\" value=\"\" type=\"text\" name=\"your-subject\" \/><\/span> <\/label>\n<\/p>\n<p><label> \u041f\u0440\u0435\u0434\u043c\u0435\u0442 (\u043d\u0435\u043e\u0431\u044f\u0437\u0430\u0442\u0435\u043b\u044c\u043d\u044b\u0439)<br \/>\n<span class=\"wpcf7-form-control-wrap\" data-name=\"your-message\"><textarea cols=\"40\" rows=\"10\" maxlength=\"2000\" class=\"wpcf7-form-control wpcf7-textarea\" aria-invalid=\"false\" name=\"your-message\"><\/textarea><\/span> <\/label>\n<\/p>\n<style>.dse_chkbox>span {margin:0}\n<\/style>\n<p>\u041a\u043e\u0433\u0434\u0430 \u0432\u044b \u043e\u0442\u043f\u0440\u0430\u0432\u043b\u044f\u0435\u0442\u0435 \u044d\u0442\u0443 \u0444\u043e\u0440\u043c\u0443, \u0432\u0430\u0448\u0438 \u0434\u0430\u043d\u043d\u044b\u0435 \u0431\u0443\u0434\u0443\u0442 \u043f\u0435\u0440\u0435\u0434\u0430\u0432\u0430\u0442\u044c\u0441\u044f \u0432 \u0437\u0430\u0448\u0438\u0444\u0440\u043e\u0432\u0430\u043d\u043d\u043e\u043c \u0432\u0438\u0434\u0435 \u0441 \u0438\u0441\u043f\u043e\u043b\u044c\u0437\u043e\u0432\u0430\u043d\u0438\u0435\u043c SSL. \u0427\u0442\u043e\u0431\u044b \u0438\u0441\u043f\u043e\u043b\u044c\u0437\u043e\u0432\u0430\u0442\u044c \u0441\u0432\u043e\u0438 \u0434\u0430\u043d\u043d\u044b\u0435, \u0432\u044b \u043c\u043e\u0436\u0435\u0442\u0435 \u043d\u0430\u0439\u0442\u0438 <a href=\"\/datenschutz\">\u043d\u0430\u0448\u0443 \u0434\u0435\u043a\u043b\u0430\u0440\u0430\u0446\u0438\u044e \u043e \u0437\u0430\u0449\u0438\u0442\u0435 \u0434\u0430\u043d\u043d\u044b\u0445<\/a>.<br \/>\n<span class=\"wpcf7-form-control-wrap\" data-name=\"checkbox-570\"><span class=\"wpcf7-form-control wpcf7-checkbox wpcf7-validates-as-required dse_chkbox\"><span class=\"wpcf7-list-item first last\"><input type=\"checkbox\" name=\"checkbox-570[]\" value=\"\u042f \u043f\u0440\u043e\u0447\u0438\u0442\u0430\u043b \u043f\u043e\u043b\u0438\u0442\u0438\u043a\u0443 \u043a\u043e\u043d\u0444\u0438\u0434\u0435\u043d\u0446\u0438\u0430\u043b\u044c\u043d\u043e\u0441\u0442\u0438 \u0438 \u0441\u043e\u0433\u043b\u0430\u0441\u0435\u043d\" \/><span class=\"wpcf7-list-item-label\">\u042f \u043f\u0440\u043e\u0447\u0438\u0442\u0430\u043b \u043f\u043e\u043b\u0438\u0442\u0438\u043a\u0443 \u043a\u043e\u043d\u0444\u0438\u0434\u0435\u043d\u0446\u0438\u0430\u043b\u044c\u043d\u043e\u0441\u0442\u0438 \u0438 \u0441\u043e\u0433\u043b\u0430\u0441\u0435\u043d<\/span><\/span><\/span><\/span>\n<\/p>\n<p><input class=\"wpcf7-form-control wpcf7-submit has-spinner\" type=\"submit\" value=\"Senden\" \/>\n<\/p><div class=\"wpcf7-response-output\" aria-hidden=\"true\"><\/div>\n<\/form>\n<\/div>\n[\/vc_column][\/vc_row][vc_row css=&#187;.vc_custom_1698748108875{padding-right: 20px !important;padding-bottom: 30px !important;padding-left: 20px !important;background-color: #ffffff !important;}&#187;][vc_column][vc_column_text]<\/p>\r\n<p>&#13;<\/p>\r\n<h3 id=\"middle1\" class=\"gunmetal\">\u0417\u0430\u0449\u0438\u0442\u0430 \u0434\u0430\u043d\u043d\u044b\u0445<\/h3>\r\n<p>&#13;Der Schutz und die Sicherheit von pers\u00f6nlichen Daten sind f\u00fcr uns sehr wichtig. Alle personenbezogenen Informationen werden vertraulich und gem\u00e4\u00df den gesetzlichen Vorschriften behandelt. Die Nutzung unserer Webseite ist in der Regel ohne Angabe personenbezogener Daten m\u00f6glich. Soweit auf unserer Seite personenbezogene Daten (beispielsweise Name, Anschrift, E-Mail-Adressen, im Rahmen einer Kontaktaufnahme) doch erhoben werden sollten, erfolgt dies, soweit es uns m\u00f6glich ist, nur auf freiwilliger Basis (vgl. \u00a7 13 TMG).<\/p>\r\n<p>&#13;<b>1. Daten\u00fcbermittlung \/ Datenprotokollierung<\/b><br \/>\r\nUnser Web-Server verzeichnet automatisch Log-Files, die keiner bestimmten Person zugeordnet werden k\u00f6nnen. Diese Daten beinhalten z. B. den Browsertyp und -version, verwendetes Betriebssystem, Referrer URL (die zuvor besuchte Seite), IP-Adresse des anfragenden Rechners, Zugriffsdatum und -uhrzeit der Serveranfrage und die Dateianfrage des Client (Dateiname und URL). Diese Daten werden nur zum Zweck der statistischen Auswertung gesammelt. Eine Weitergabe an Dritte, zu kommerziellen oder nichtkommerziellen Zwecken, findet nicht statt.<\/p>\r\n<p>&#13;<b>2. Nutzung pers\u00f6nlicher Daten<\/b><br \/>\r\nPers\u00f6nliche Daten werden nur erhoben oder verarbeitet, wenn Sie diese Angaben freiwillig, z.B. im Rahmen einer Kontaktanfrage mitteilen. Ihre Daten werden nicht an Dritte weitergeben, es sei denn, eine Weitergabe ist aufgrund gesetzlicher Vorschriften erforderlich.<\/p>\r\n<p>&#13;<b>3. Auskunft, \u00c4nderung und L\u00f6schung Ihrer Daten<\/b><br \/>\r\nGem\u00e4\u00df geltendem Gesetz k\u00f6nnen Sie jederzeit bei uns schriftlich nachfragen, ob und welche personenbezogenen Daten bei uns \u00fcber Sie gespeichert sind. Bitte nutzen Sie daf\u00fcr die angegebenen Kontaktwege. Wir stehen Ihnen f\u00fcr weitere Fragen jederzeit zur Verf\u00fcgung.<\/p>\r\n<p>&#13;<b>4. Sicherheit Ihrer Daten<\/b><br \/>\r\nIhre uns zur Verf\u00fcgung gestellten pers\u00f6nlichen Daten werden durch Ergreifung aller technischen sowie organisatorischen Sicherheitsma\u00dfnahmen so gesichert, dass sie f\u00fcr den Zugriff unberechtigter Dritter unzug\u00e4nglich sind. Bei Versendung von sehr sensiblen Daten oder Informationen ist es empfehlenswert, den Postweg zu nutzen, da eine vollst\u00e4ndige Datensicherheit per E-Mail nicht gew\u00e4hrleistet werden kann.<\/p>\r\n<p>&#13;<b>5. Cookies<\/b><br \/>\r\nUnsere Seite verwendet keine Cookies sofern keine Anmeldung auf unserem Server erfolgt. Mit get\u00e4tigter Anmeldung werden Cookies innerhalb einer Session verwendet. Das sind kleine Textdateien, die es m\u00f6glich machen, auf dem Endger\u00e4t des Nutzers spezifische, auf den Nutzer bezogene Informationen zu speichern, w\u00e4hrend er die Website nutzt. Die Cookies werden bei Abmeldung oder Beendigung der Session gel\u00f6scht.<\/p>\r\n<p>&#13;<b>6. \u00c4nderungen dieser Datenschutzbestimmungen<\/b><br \/>\r\nWir werden diese Richtlinien zum Schutz Ihrer pers\u00f6nlichen Daten von Zeit zu Zeit aktualisieren, damit sie den aktuellen rechtlichen Anforderungen entsprechen.<\/p>\r\n<p>&#13;[\/vc_column_text][\/vc_column][\/vc_row][vc_row][vc_column][vc_column_text]<\/p>\r\n<p>[\/vc_column_text][\/vc_column][\/vc_row]<\/p>\r\n<\/div>","protected":false},"excerpt":{"rendered":"<p>[vc_row css=&#187;.vc_custom_1698747972902{margin-top: -50px !important;padding-right: 20px !important;padding-left: 20px !important;background-color: #ffffff !important;}&#187;][vc_column width=&#187;1\/2&#8243;][vc_column_text] &#13; \u0437\u0430\u0449\u0438\u0442\u0430 \u0434\u0430\u043d\u043d\u044b\u0445 &#13;Kuttenkeuler Mineral\u00f6lhandels- und Tankstellenbetriebs GmbH Dieselstra\u00dfe 10 D-50996 K\u00f6ln &#13;Telefon +49 (0)2236<span class=\"excerpt-hellip\"> [\u2026]<\/span><\/p>\n","protected":false},"author":1,"featured_media":0,"parent":0,"menu_order":0,"comment_status":"closed","ping_status":"open","template":"","meta":{"inline_featured_image":false,"footnotes":""},"class_list":["post-674","page","type-page","status-publish","hentry"],"yoast_head":"<!-- This site is optimized with the Yoast SEO Premium plugin v27.0 (Yoast SEO v27.0) - https:\/\/yoast.com\/product\/yoast-seo-premium-wordpress\/ -->\n<title>Unternehmensgruppe Kuttenkeuler - \u0417\u0430\u0449\u0438\u0442\u0430 \u0434\u0430\u043d\u043d\u044b\u0445<\/title>\n<meta name=\"robots\" content=\"index, follow, max-snippet:-1, max-image-preview:large, max-video-preview:-1\" \/>\n<link rel=\"canonical\" href=\"https:\/\/www.kuttenkeuler.de\/ru\/\u0437\u0430\u0449\u0438\u0442\u0430-\u0434\u0430\u043d\u043d\u044b\u0445\/\" \/>\n<meta property=\"og:locale\" content=\"ru_RU\" \/>\n<meta property=\"og:type\" content=\"article\" \/>\n<meta property=\"og:title\" content=\"\u0417\u0430\u0449\u0438\u0442\u0430 \u0434\u0430\u043d\u043d\u044b\u0445\" \/>\n<meta property=\"og:description\" content=\"[vc_row css=&#187;.vc_custom_1698747972902{margin-top: -50px !important;padding-right: 20px !important;padding-left: 20px !important;background-color: #ffffff !important;}&#187;][vc_column width=&#187;1\/2&#8243;][vc_column_text] &#013; \u0437\u0430\u0449\u0438\u0442\u0430 \u0434\u0430\u043d\u043d\u044b\u0445 &#013;Kuttenkeuler Mineral\u00f6lhandels- und Tankstellenbetriebs GmbH Dieselstra\u00dfe 10 D-50996 K\u00f6ln &#013;Telefon +49 (0)2236 [\u2026]\" \/>\n<meta property=\"og:url\" content=\"https:\/\/www.kuttenkeuler.de\/ru\/\u0437\u0430\u0449\u0438\u0442\u0430-\u0434\u0430\u043d\u043d\u044b\u0445\/\" \/>\n<meta property=\"og:site_name\" content=\"Unternehmensgruppe Kuttenkeuler\" \/>\n<meta property=\"article:modified_time\" content=\"2024-09-05T11:18:02+00:00\" \/>\n<meta property=\"og:image\" content=\"https:\/\/www.kuttenkeuler.de\/wp-content\/uploads\/2023\/10\/map_logo-1.png\" \/>\n\t<meta property=\"og:image:width\" content=\"1200\" \/>\n\t<meta property=\"og:image:height\" content=\"929\" \/>\n\t<meta property=\"og:image:type\" content=\"image\/png\" \/>\n<meta name=\"twitter:card\" content=\"summary_large_image\" \/>\n<meta name=\"twitter:label1\" content=\"\u041f\u0440\u0438\u043c\u0435\u0440\u043d\u043e\u0435 \u0432\u0440\u0435\u043c\u044f \u0434\u043b\u044f \u0447\u0442\u0435\u043d\u0438\u044f\" \/>\n\t<meta name=\"twitter:data1\" content=\"3 \u043c\u0438\u043d\u0443\u0442\u044b\" \/>\n<script type=\"application\/ld+json\" class=\"yoast-schema-graph\">{\"@context\":\"https:\/\/schema.org\",\"@graph\":[{\"@type\":\"WebPage\",\"@id\":\"https:\/\/www.kuttenkeuler.de\/ru\/%d0%b7%d0%b0%d1%89%d0%b8%d1%82%d0%b0-%d0%b4%d0%b0%d0%bd%d0%bd%d1%8b%d1%85\/\",\"url\":\"https:\/\/www.kuttenkeuler.de\/ru\/%d0%b7%d0%b0%d1%89%d0%b8%d1%82%d0%b0-%d0%b4%d0%b0%d0%bd%d0%bd%d1%8b%d1%85\/\",\"name\":\"Unternehmensgruppe Kuttenkeuler - \u0417\u0430\u0449\u0438\u0442\u0430 \u0434\u0430\u043d\u043d\u044b\u0445\",\"isPartOf\":{\"@id\":\"https:\/\/www.kuttenkeuler.de\/#website\"},\"datePublished\":\"2023-10-11T13:05:09+00:00\",\"dateModified\":\"2024-09-05T11:18:02+00:00\",\"breadcrumb\":{\"@id\":\"https:\/\/www.kuttenkeuler.de\/ru\/%d0%b7%d0%b0%d1%89%d0%b8%d1%82%d0%b0-%d0%b4%d0%b0%d0%bd%d0%bd%d1%8b%d1%85\/#breadcrumb\"},\"inLanguage\":\"ru-RU\",\"potentialAction\":[{\"@type\":\"ReadAction\",\"target\":[\"https:\/\/www.kuttenkeuler.de\/ru\/%d0%b7%d0%b0%d1%89%d0%b8%d1%82%d0%b0-%d0%b4%d0%b0%d0%bd%d0%bd%d1%8b%d1%85\/\"]}]},{\"@type\":\"BreadcrumbList\",\"@id\":\"https:\/\/www.kuttenkeuler.de\/ru\/%d0%b7%d0%b0%d1%89%d0%b8%d1%82%d0%b0-%d0%b4%d0%b0%d0%bd%d0%bd%d1%8b%d1%85\/#breadcrumb\",\"itemListElement\":[{\"@type\":\"ListItem\",\"position\":1,\"name\":\"Startseite\",\"item\":\"https:\/\/www.kuttenkeuler.de\/ru\/\"},{\"@type\":\"ListItem\",\"position\":2,\"name\":\"\u0417\u0430\u0449\u0438\u0442\u0430 \u0434\u0430\u043d\u043d\u044b\u0445\"}]},{\"@type\":\"WebSite\",\"@id\":\"https:\/\/www.kuttenkeuler.de\/#website\",\"url\":\"https:\/\/www.kuttenkeuler.de\/\",\"name\":\"Unternehmensgruppe Kuttenkeuler - Tankstellen, Motor\u00f6le und Schmierstoffe, Chemische Produkte, Kraftstoffe\",\"description\":\"\",\"publisher\":{\"@id\":\"https:\/\/www.kuttenkeuler.de\/#organization\"},\"alternateName\":\"Unternehmensgruppe Kuttenkeuler\",\"potentialAction\":[{\"@type\":\"SearchAction\",\"target\":{\"@type\":\"EntryPoint\",\"urlTemplate\":\"https:\/\/www.kuttenkeuler.de\/?s={search_term_string}\"},\"query-input\":{\"@type\":\"PropertyValueSpecification\",\"valueRequired\":true,\"valueName\":\"search_term_string\"}}],\"inLanguage\":\"ru-RU\"},{\"@type\":\"Organization\",\"@id\":\"https:\/\/www.kuttenkeuler.de\/#organization\",\"name\":\"Kuttenkeuler Mineral\u00f6lhandels- und Tankstellenbetriebsgesellschaft mbH\",\"url\":\"https:\/\/www.kuttenkeuler.de\/\",\"logo\":{\"@type\":\"ImageObject\",\"inLanguage\":\"ru-RU\",\"@id\":\"https:\/\/www.kuttenkeuler.de\/#\/schema\/logo\/image\/\",\"url\":\"https:\/\/www.kuttenkeuler.de\/wp-content\/uploads\/2023\/10\/logo_org.png\",\"contentUrl\":\"https:\/\/www.kuttenkeuler.de\/wp-content\/uploads\/2023\/10\/logo_org.png\",\"width\":600,\"height\":205,\"caption\":\"Kuttenkeuler Mineral\u00f6lhandels- und Tankstellenbetriebsgesellschaft mbH\"},\"image\":{\"@id\":\"https:\/\/www.kuttenkeuler.de\/#\/schema\/logo\/image\/\"}}]}<\/script>\n<!-- \/ Yoast SEO Premium plugin. -->","yoast_head_json":{"title":"Unternehmensgruppe Kuttenkeuler - \u0417\u0430\u0449\u0438\u0442\u0430 \u0434\u0430\u043d\u043d\u044b\u0445","robots":{"index":"index","follow":"follow","max-snippet":"max-snippet:-1","max-image-preview":"max-image-preview:large","max-video-preview":"max-video-preview:-1"},"canonical":"https:\/\/www.kuttenkeuler.de\/ru\/\u0437\u0430\u0449\u0438\u0442\u0430-\u0434\u0430\u043d\u043d\u044b\u0445\/","og_locale":"ru_RU","og_type":"article","og_title":"\u0417\u0430\u0449\u0438\u0442\u0430 \u0434\u0430\u043d\u043d\u044b\u0445","og_description":"[vc_row css=&#187;.vc_custom_1698747972902{margin-top: -50px !important;padding-right: 20px !important;padding-left: 20px !important;background-color: #ffffff !important;}&#187;][vc_column width=&#187;1\/2&#8243;][vc_column_text] &#13; \u0437\u0430\u0449\u0438\u0442\u0430 \u0434\u0430\u043d\u043d\u044b\u0445 &#13;Kuttenkeuler Mineral\u00f6lhandels- und Tankstellenbetriebs GmbH Dieselstra\u00dfe 10 D-50996 K\u00f6ln &#13;Telefon +49 (0)2236 [\u2026]","og_url":"https:\/\/www.kuttenkeuler.de\/ru\/\u0437\u0430\u0449\u0438\u0442\u0430-\u0434\u0430\u043d\u043d\u044b\u0445\/","og_site_name":"Unternehmensgruppe Kuttenkeuler","article_modified_time":"2024-09-05T11:18:02+00:00","og_image":[{"width":1200,"height":929,"url":"https:\/\/www.kuttenkeuler.de\/wp-content\/uploads\/2023\/10\/map_logo-1.png","type":"image\/png"}],"twitter_card":"summary_large_image","twitter_misc":{"\u041f\u0440\u0438\u043c\u0435\u0440\u043d\u043e\u0435 \u0432\u0440\u0435\u043c\u044f \u0434\u043b\u044f \u0447\u0442\u0435\u043d\u0438\u044f":"3 \u043c\u0438\u043d\u0443\u0442\u044b"},"schema":{"@context":"https:\/\/schema.org","@graph":[{"@type":"WebPage","@id":"https:\/\/www.kuttenkeuler.de\/ru\/%d0%b7%d0%b0%d1%89%d0%b8%d1%82%d0%b0-%d0%b4%d0%b0%d0%bd%d0%bd%d1%8b%d1%85\/","url":"https:\/\/www.kuttenkeuler.de\/ru\/%d0%b7%d0%b0%d1%89%d0%b8%d1%82%d0%b0-%d0%b4%d0%b0%d0%bd%d0%bd%d1%8b%d1%85\/","name":"Unternehmensgruppe Kuttenkeuler - \u0417\u0430\u0449\u0438\u0442\u0430 \u0434\u0430\u043d\u043d\u044b\u0445","isPartOf":{"@id":"https:\/\/www.kuttenkeuler.de\/#website"},"datePublished":"2023-10-11T13:05:09+00:00","dateModified":"2024-09-05T11:18:02+00:00","breadcrumb":{"@id":"https:\/\/www.kuttenkeuler.de\/ru\/%d0%b7%d0%b0%d1%89%d0%b8%d1%82%d0%b0-%d0%b4%d0%b0%d0%bd%d0%bd%d1%8b%d1%85\/#breadcrumb"},"inLanguage":"ru-RU","potentialAction":[{"@type":"ReadAction","target":["https:\/\/www.kuttenkeuler.de\/ru\/%d0%b7%d0%b0%d1%89%d0%b8%d1%82%d0%b0-%d0%b4%d0%b0%d0%bd%d0%bd%d1%8b%d1%85\/"]}]},{"@type":"BreadcrumbList","@id":"https:\/\/www.kuttenkeuler.de\/ru\/%d0%b7%d0%b0%d1%89%d0%b8%d1%82%d0%b0-%d0%b4%d0%b0%d0%bd%d0%bd%d1%8b%d1%85\/#breadcrumb","itemListElement":[{"@type":"ListItem","position":1,"name":"Startseite","item":"https:\/\/www.kuttenkeuler.de\/ru\/"},{"@type":"ListItem","position":2,"name":"\u0417\u0430\u0449\u0438\u0442\u0430 \u0434\u0430\u043d\u043d\u044b\u0445"}]},{"@type":"WebSite","@id":"https:\/\/www.kuttenkeuler.de\/#website","url":"https:\/\/www.kuttenkeuler.de\/","name":"Unternehmensgruppe Kuttenkeuler - Tankstellen, Motor\u00f6le und Schmierstoffe, Chemische Produkte, Kraftstoffe","description":"","publisher":{"@id":"https:\/\/www.kuttenkeuler.de\/#organization"},"alternateName":"Unternehmensgruppe Kuttenkeuler","potentialAction":[{"@type":"SearchAction","target":{"@type":"EntryPoint","urlTemplate":"https:\/\/www.kuttenkeuler.de\/?s={search_term_string}"},"query-input":{"@type":"PropertyValueSpecification","valueRequired":true,"valueName":"search_term_string"}}],"inLanguage":"ru-RU"},{"@type":"Organization","@id":"https:\/\/www.kuttenkeuler.de\/#organization","name":"Kuttenkeuler Mineral\u00f6lhandels- und Tankstellenbetriebsgesellschaft mbH","url":"https:\/\/www.kuttenkeuler.de\/","logo":{"@type":"ImageObject","inLanguage":"ru-RU","@id":"https:\/\/www.kuttenkeuler.de\/#\/schema\/logo\/image\/","url":"https:\/\/www.kuttenkeuler.de\/wp-content\/uploads\/2023\/10\/logo_org.png","contentUrl":"https:\/\/www.kuttenkeuler.de\/wp-content\/uploads\/2023\/10\/logo_org.png","width":600,"height":205,"caption":"Kuttenkeuler Mineral\u00f6lhandels- und Tankstellenbetriebsgesellschaft mbH"},"image":{"@id":"https:\/\/www.kuttenkeuler.de\/#\/schema\/logo\/image\/"}}]}},"_links":{"self":[{"href":"https:\/\/www.kuttenkeuler.de\/ru\/wp-json\/wp\/v2\/pages\/674","targetHints":{"allow":["GET"]}}],"collection":[{"href":"https:\/\/www.kuttenkeuler.de\/ru\/wp-json\/wp\/v2\/pages"}],"about":[{"href":"https:\/\/www.kuttenkeuler.de\/ru\/wp-json\/wp\/v2\/types\/page"}],"author":[{"embeddable":true,"href":"https:\/\/www.kuttenkeuler.de\/ru\/wp-json\/wp\/v2\/users\/1"}],"replies":[{"embeddable":true,"href":"https:\/\/www.kuttenkeuler.de\/ru\/wp-json\/wp\/v2\/comments?post=674"}],"version-history":[{"count":3,"href":"https:\/\/www.kuttenkeuler.de\/ru\/wp-json\/wp\/v2\/pages\/674\/revisions"}],"predecessor-version":[{"id":2560,"href":"https:\/\/www.kuttenkeuler.de\/ru\/wp-json\/wp\/v2\/pages\/674\/revisions\/2560"}],"wp:attachment":[{"href":"https:\/\/www.kuttenkeuler.de\/ru\/wp-json\/wp\/v2\/media?parent=674"}],"curies":[{"name":"wp","href":"https:\/\/api.w.org\/{rel}","templated":true}]}}