{"id":23364,"date":"2026-03-11T10:49:24","date_gmt":"2026-03-11T09:49:24","guid":{"rendered":"https:\/\/www.kuttenkeuler.de\/?page_id=23364"},"modified":"2026-03-11T10:54:13","modified_gmt":"2026-03-11T09:54:13","slug":"%d1%81%d0%bf%d0%b0%d1%81%d0%b8%d0%b1%d0%be","status":"publish","type":"page","link":"https:\/\/www.kuttenkeuler.de\/ru\/%d1%81%d0%bf%d0%b0%d1%81%d0%b8%d0%b1%d0%be\/","title":{"rendered":"\u0421\u043f\u0430\u0441\u0438\u0431\u043e"},"content":{"rendered":"<div class=\"wpb-content-wrapper\"><p>[vc_row css=&#187;.vc_custom_1698747751359{margin-top: -50px !important;padding-right: 20px !important;padding-left: 20px !important;background-color: #ffffff !important;}&#187;][vc_column width=&#187;1\/2&#8243;][vc_column_text]<\/p>\n<h2>\u043f\u043e\u0447\u0442\u043e\u0432\u044b\u0439 \u0430\u0434\u0440\u0435\u0441<\/h2>\n<p>Kuttenkeuler Mineral\u00f6lhandels- und Tankstellenbetriebsgesellschaft mbH<br \/>\nDieselstra\u00dfe 10<br \/>\n50996 K\u00f6ln<\/p>\n<p>\u0422\u043e\u0440\u0433\u043e\u0432\u044b\u0439 \u0440\u0435\u0433\u0438\u0441\u0442\u0440: Amtsgericht K\u00f6ln HRB 849<br \/>\n\u0427\u043b\u0435\u043d\u0441\u0442\u0432\u043e \u0432 IHK \u041a\u0451\u043b\u044c\u043d, Nr. 46969603<\/p>\n<p>USt-ID-Nr. DE 180349238<\/p>\n<h3>\u0423\u043f\u0440\u0430\u0432\u043b\u044f\u044e\u0449\u0438\u0435 \u0434\u0438\u0440\u0435\u043a\u0442\u043e\u0440\u0430<\/h3>\n<p>\u041a\u0430\u0440\u0441\u0442\u0435\u043d \u041c\u044e\u043b\u043b\u0435\u0440<\/p>\n<h3>\u0422\u0435\u043b\u0435\u0444\u043e\u043d\u044b \u0434\u043b\u044f \u043e\u0431\u0449\u0438\u0445 \u0432\u043e\u043f\u0440\u043e\u0441\u043e\u0432<\/h3>\n<p>+49 2236 96203-0<\/p>\n<p>\u0424\u0430\u043a\u0441<br \/>\n+49 2236 96203-27<\/p>\n<h3>\u044d\u043b\u0435\u043a\u0442\u0440\u043e\u043d\u043d\u0430\u044f \u043f\u043e\u0447\u0442\u0430<\/h3>\n<p><strong>Motoren\u00f6le &amp; Schmierstoffe, Chemische Produkte<\/strong><br \/>\nvertrieb.schmierstoffe@kuttenkeuler.com<\/p>\n<p><strong>\u0422\u043e\u043f\u043b\u0438\u0432\u043e, \u0410\u0417\u0421<\/strong><br \/>\nvertrieb.treibstoffe@kuttenkeuler.com[\/vc_column_text][\/vc_column][vc_column width=&#187;1\/2&#8243;][vc_column_text css=&#187;&#187;]<\/p>\n<h2 id=\"tw-target-text\" class=\"tw-data-text tw-text-large tw-ta\" dir=\"ltr\" tabindex=\"-1\" role=\"text\" data-placeholder=\"\u00dcbersetzung\" data-ved=\"2ahUKEwjSzpDGyZeTAxW06wIHHY0jBfQQ3ewLegQIDBAV\" aria-label=\"\u00dcbersetzter Text: \u0421\u043f\u0430\u0441\u0438\u0431\u043e \u0437\u0430 \u0432\u0430\u0448 \u0437\u0430\u043f\u0440\u043e\u0441! \u041c\u044b \u043f\u043e\u043b\u0443\u0447\u0438\u043b\u0438 \u0432\u0430\u0448\u0435 \u0441\u043e\u043e\u0431\u0449\u0435\u043d\u0438\u0435 \u0438 \u0432 \u043d\u0430\u0441\u0442\u043e\u044f\u0449\u0435\u0435 \u0432\u0440\u0435\u043c\u044f \u043e\u0431\u0440\u0430\u0431\u0430\u0442\u044b\u0432\u0430\u0435\u043c \u0435\u0433\u043e. \u041c\u044b \u0441\u0432\u044f\u0436\u0435\u043c\u0441\u044f \u0441 \u0432\u0430\u043c\u0438 \u043a\u0430\u043a \u043c\u043e\u0436\u043d\u043e \u0441\u043a\u043e\u0440\u0435\u0435. \u0422\u0435\u043c \u0432\u0440\u0435\u043c\u0435\u043d\u0435\u043c, \u043f\u043e\u0436\u0430\u043b\u0443\u0439\u0441\u0442\u0430, \u043e\u0437\u043d\u0430\u043a\u043e\u043c\u044c\u0442\u0435\u0441\u044c \u0441 \u043d\u0430\u0448\u0438\u043c \u0441\u0430\u0439\u0442\u043e\u043c \u0438\u043b\u0438 \u0443\u0437\u043d\u0430\u0439\u0442\u0435 \u0431\u043e\u043b\u044c\u0448\u0435 \u043e \u043d\u0430\u0448\u0438\u0445 \u0443\u0441\u043b\u0443\u0433\u0430\u0445.\"><span class=\"Y2IQFc\" lang=\"ru\">\u0421\u043f\u0430\u0441\u0438\u0431\u043e \u0437\u0430 \u0432\u0430\u0448 \u0437\u0430\u043f\u0440\u043e\u0441! <\/span><\/h2>\n<p class=\"tw-data-text tw-text-large tw-ta\" dir=\"ltr\" tabindex=\"-1\" role=\"text\" data-placeholder=\"\u00dcbersetzung\" data-ved=\"2ahUKEwjSzpDGyZeTAxW06wIHHY0jBfQQ3ewLegQIDBAV\" aria-label=\"\u00dcbersetzter Text: \u0421\u043f\u0430\u0441\u0438\u0431\u043e \u0437\u0430 \u0432\u0430\u0448 \u0437\u0430\u043f\u0440\u043e\u0441! \u041c\u044b \u043f\u043e\u043b\u0443\u0447\u0438\u043b\u0438 \u0432\u0430\u0448\u0435 \u0441\u043e\u043e\u0431\u0449\u0435\u043d\u0438\u0435 \u0438 \u0432 \u043d\u0430\u0441\u0442\u043e\u044f\u0449\u0435\u0435 \u0432\u0440\u0435\u043c\u044f \u043e\u0431\u0440\u0430\u0431\u0430\u0442\u044b\u0432\u0430\u0435\u043c \u0435\u0433\u043e. \u041c\u044b \u0441\u0432\u044f\u0436\u0435\u043c\u0441\u044f \u0441 \u0432\u0430\u043c\u0438 \u043a\u0430\u043a \u043c\u043e\u0436\u043d\u043e \u0441\u043a\u043e\u0440\u0435\u0435. \u0422\u0435\u043c \u0432\u0440\u0435\u043c\u0435\u043d\u0435\u043c, \u043f\u043e\u0436\u0430\u043b\u0443\u0439\u0441\u0442\u0430, \u043e\u0437\u043d\u0430\u043a\u043e\u043c\u044c\u0442\u0435\u0441\u044c \u0441 \u043d\u0430\u0448\u0438\u043c \u0441\u0430\u0439\u0442\u043e\u043c \u0438\u043b\u0438 \u0443\u0437\u043d\u0430\u0439\u0442\u0435 \u0431\u043e\u043b\u044c\u0448\u0435 \u043e \u043d\u0430\u0448\u0438\u0445 \u0443\u0441\u043b\u0443\u0433\u0430\u0445.\"><span class=\"Y2IQFc\" lang=\"ru\">\u041c\u044b \u043f\u043e\u043b\u0443\u0447\u0438\u043b\u0438 \u0432\u0430\u0448\u0435 \u0441\u043e\u043e\u0431\u0449\u0435\u043d\u0438\u0435 \u0438 \u0432 \u043d\u0430\u0441\u0442\u043e\u044f\u0449\u0435\u0435 \u0432\u0440\u0435\u043c\u044f \u043e\u0431\u0440\u0430\u0431\u0430\u0442\u044b\u0432\u0430\u0435\u043c \u0435\u0433\u043e. \u041c\u044b \u0441\u0432\u044f\u0436\u0435\u043c\u0441\u044f \u0441 \u0432\u0430\u043c\u0438 \u043a\u0430\u043a \u043c\u043e\u0436\u043d\u043e \u0441\u043a\u043e\u0440\u0435\u0435. \u0422\u0435\u043c \u0432\u0440\u0435\u043c\u0435\u043d\u0435\u043c, \u043f\u043e\u0436\u0430\u043b\u0443\u0439\u0441\u0442\u0430, \u043e\u0437\u043d\u0430\u043a\u043e\u043c\u044c\u0442\u0435\u0441\u044c \u0441 \u043d\u0430\u0448\u0438\u043c \u0441\u0430\u0439\u0442\u043e\u043c \u0438\u043b\u0438 \u0443\u0437\u043d\u0430\u0439\u0442\u0435 \u0431\u043e\u043b\u044c\u0448\u0435 \u043e \u043d\u0430\u0448\u0438\u0445 \u0443\u0441\u043b\u0443\u0433\u0430\u0445.<\/span><\/p>\n<p>[\/vc_column_text][\/vc_column][\/vc_row]<\/p>\n<\/div>","protected":false},"excerpt":{"rendered":"<p>[vc_row css=&#187;.vc_custom_1698747751359{margin-top: -50px !important;padding-right: 20px !important;padding-left: 20px !important;background-color: #ffffff !important;}&#187;][vc_column width=&#187;1\/2&#8243;][vc_column_text] \u043f\u043e\u0447\u0442\u043e\u0432\u044b\u0439 \u0430\u0434\u0440\u0435\u0441 Kuttenkeuler Mineral\u00f6lhandels- und Tankstellenbetriebsgesellschaft mbH Dieselstra\u00dfe 10 50996 K\u00f6ln \u0422\u043e\u0440\u0433\u043e\u0432\u044b\u0439 \u0440\u0435\u0433\u0438\u0441\u0442\u0440: Amtsgericht K\u00f6ln<span class=\"excerpt-hellip\"> [\u2026]<\/span><\/p>\n","protected":false},"author":1,"featured_media":-1,"parent":0,"menu_order":0,"comment_status":"closed","ping_status":"closed","template":"","meta":{"inline_featured_image":false,"footnotes":""},"class_list":["post-23364","page","type-page","status-publish","has-post-thumbnail","hentry"],"yoast_head":"<!-- This site is optimized with the Yoast SEO Premium plugin v27.0 (Yoast SEO v27.0) - https:\/\/yoast.com\/product\/yoast-seo-premium-wordpress\/ -->\n<title>Unternehmensgruppe Kuttenkeuler - \u0421\u043f\u0430\u0441\u0438\u0431\u043e<\/title>\n<meta name=\"robots\" content=\"index, follow, max-snippet:-1, max-image-preview:large, max-video-preview:-1\" \/>\n<link rel=\"canonical\" href=\"https:\/\/www.kuttenkeuler.de\/ru\/\u0441\u043f\u0430\u0441\u0438\u0431\u043e\/\" \/>\n<meta property=\"og:locale\" content=\"ru_RU\" \/>\n<meta property=\"og:type\" content=\"article\" \/>\n<meta property=\"og:title\" content=\"\u0421\u043f\u0430\u0441\u0438\u0431\u043e\" \/>\n<meta property=\"og:description\" content=\"[vc_row css=&#187;.vc_custom_1698747751359{margin-top: -50px !important;padding-right: 20px !important;padding-left: 20px !important;background-color: #ffffff !important;}&#187;][vc_column width=&#187;1\/2&#8243;][vc_column_text] \u043f\u043e\u0447\u0442\u043e\u0432\u044b\u0439 \u0430\u0434\u0440\u0435\u0441 Kuttenkeuler Mineral\u00f6lhandels- und Tankstellenbetriebsgesellschaft mbH Dieselstra\u00dfe 10 50996 K\u00f6ln \u0422\u043e\u0440\u0433\u043e\u0432\u044b\u0439 \u0440\u0435\u0433\u0438\u0441\u0442\u0440: Amtsgericht K\u00f6ln [\u2026]\" \/>\n<meta property=\"og:url\" content=\"https:\/\/www.kuttenkeuler.de\/ru\/\u0441\u043f\u0430\u0441\u0438\u0431\u043e\/\" \/>\n<meta property=\"og:site_name\" content=\"Unternehmensgruppe Kuttenkeuler\" \/>\n<meta property=\"article:modified_time\" content=\"2026-03-11T09:54:13+00:00\" \/>\n<meta property=\"og:image\" content=\"https:\/\/www.kuttenkeuler.de\/wp-content\/uploads\/2023\/10\/map_logo-1.png\" \/>\n\t<meta property=\"og:image:width\" content=\"1200\" \/>\n\t<meta property=\"og:image:height\" content=\"929\" \/>\n\t<meta property=\"og:image:type\" content=\"image\/png\" \/>\n<meta name=\"twitter:card\" content=\"summary_large_image\" \/>\n<meta name=\"twitter:label1\" content=\"\u041f\u0440\u0438\u043c\u0435\u0440\u043d\u043e\u0435 \u0432\u0440\u0435\u043c\u044f \u0434\u043b\u044f \u0447\u0442\u0435\u043d\u0438\u044f\" \/>\n\t<meta name=\"twitter:data1\" content=\"1 \u043c\u0438\u043d\u0443\u0442\u0430\" \/>\n<script type=\"application\/ld+json\" class=\"yoast-schema-graph\">{\"@context\":\"https:\/\/schema.org\",\"@graph\":[{\"@type\":\"WebPage\",\"@id\":\"https:\/\/www.kuttenkeuler.de\/ru\/%d1%81%d0%bf%d0%b0%d1%81%d0%b8%d0%b1%d0%be\/\",\"url\":\"https:\/\/www.kuttenkeuler.de\/ru\/%d1%81%d0%bf%d0%b0%d1%81%d0%b8%d0%b1%d0%be\/\",\"name\":\"Unternehmensgruppe Kuttenkeuler - \u0421\u043f\u0430\u0441\u0438\u0431\u043e\",\"isPartOf\":{\"@id\":\"https:\/\/www.kuttenkeuler.de\/#website\"},\"datePublished\":\"2026-03-11T09:49:24+00:00\",\"dateModified\":\"2026-03-11T09:54:13+00:00\",\"breadcrumb\":{\"@id\":\"https:\/\/www.kuttenkeuler.de\/ru\/%d1%81%d0%bf%d0%b0%d1%81%d0%b8%d0%b1%d0%be\/#breadcrumb\"},\"inLanguage\":\"ru-RU\",\"potentialAction\":[{\"@type\":\"ReadAction\",\"target\":[\"https:\/\/www.kuttenkeuler.de\/ru\/%d1%81%d0%bf%d0%b0%d1%81%d0%b8%d0%b1%d0%be\/\"]}]},{\"@type\":\"BreadcrumbList\",\"@id\":\"https:\/\/www.kuttenkeuler.de\/ru\/%d1%81%d0%bf%d0%b0%d1%81%d0%b8%d0%b1%d0%be\/#breadcrumb\",\"itemListElement\":[{\"@type\":\"ListItem\",\"position\":1,\"name\":\"Startseite\",\"item\":\"https:\/\/www.kuttenkeuler.de\/ru\/\"},{\"@type\":\"ListItem\",\"position\":2,\"name\":\"\u0421\u043f\u0430\u0441\u0438\u0431\u043e\"}]},{\"@type\":\"WebSite\",\"@id\":\"https:\/\/www.kuttenkeuler.de\/#website\",\"url\":\"https:\/\/www.kuttenkeuler.de\/\",\"name\":\"Unternehmensgruppe Kuttenkeuler - Tankstellen, Motor\u00f6le und Schmierstoffe, Chemische Produkte, Kraftstoffe\",\"description\":\"\",\"publisher\":{\"@id\":\"https:\/\/www.kuttenkeuler.de\/#organization\"},\"alternateName\":\"Unternehmensgruppe Kuttenkeuler\",\"potentialAction\":[{\"@type\":\"SearchAction\",\"target\":{\"@type\":\"EntryPoint\",\"urlTemplate\":\"https:\/\/www.kuttenkeuler.de\/?s={search_term_string}\"},\"query-input\":{\"@type\":\"PropertyValueSpecification\",\"valueRequired\":true,\"valueName\":\"search_term_string\"}}],\"inLanguage\":\"ru-RU\"},{\"@type\":\"Organization\",\"@id\":\"https:\/\/www.kuttenkeuler.de\/#organization\",\"name\":\"Kuttenkeuler Mineral\u00f6lhandels- und Tankstellenbetriebsgesellschaft mbH\",\"url\":\"https:\/\/www.kuttenkeuler.de\/\",\"logo\":{\"@type\":\"ImageObject\",\"inLanguage\":\"ru-RU\",\"@id\":\"https:\/\/www.kuttenkeuler.de\/#\/schema\/logo\/image\/\",\"url\":\"https:\/\/www.kuttenkeuler.de\/wp-content\/uploads\/2023\/10\/logo_org.png\",\"contentUrl\":\"https:\/\/www.kuttenkeuler.de\/wp-content\/uploads\/2023\/10\/logo_org.png\",\"width\":600,\"height\":205,\"caption\":\"Kuttenkeuler Mineral\u00f6lhandels- und Tankstellenbetriebsgesellschaft mbH\"},\"image\":{\"@id\":\"https:\/\/www.kuttenkeuler.de\/#\/schema\/logo\/image\/\"}}]}<\/script>\n<!-- \/ Yoast SEO Premium plugin. -->","yoast_head_json":{"title":"Unternehmensgruppe Kuttenkeuler - \u0421\u043f\u0430\u0441\u0438\u0431\u043e","robots":{"index":"index","follow":"follow","max-snippet":"max-snippet:-1","max-image-preview":"max-image-preview:large","max-video-preview":"max-video-preview:-1"},"canonical":"https:\/\/www.kuttenkeuler.de\/ru\/\u0441\u043f\u0430\u0441\u0438\u0431\u043e\/","og_locale":"ru_RU","og_type":"article","og_title":"\u0421\u043f\u0430\u0441\u0438\u0431\u043e","og_description":"[vc_row css=&#187;.vc_custom_1698747751359{margin-top: -50px !important;padding-right: 20px !important;padding-left: 20px !important;background-color: #ffffff !important;}&#187;][vc_column width=&#187;1\/2&#8243;][vc_column_text] \u043f\u043e\u0447\u0442\u043e\u0432\u044b\u0439 \u0430\u0434\u0440\u0435\u0441 Kuttenkeuler Mineral\u00f6lhandels- und Tankstellenbetriebsgesellschaft mbH Dieselstra\u00dfe 10 50996 K\u00f6ln \u0422\u043e\u0440\u0433\u043e\u0432\u044b\u0439 \u0440\u0435\u0433\u0438\u0441\u0442\u0440: Amtsgericht K\u00f6ln [\u2026]","og_url":"https:\/\/www.kuttenkeuler.de\/ru\/\u0441\u043f\u0430\u0441\u0438\u0431\u043e\/","og_site_name":"Unternehmensgruppe Kuttenkeuler","article_modified_time":"2026-03-11T09:54:13+00:00","og_image":[{"width":1200,"height":929,"url":"https:\/\/www.kuttenkeuler.de\/wp-content\/uploads\/2023\/10\/map_logo-1.png","type":"image\/png"}],"twitter_card":"summary_large_image","twitter_misc":{"\u041f\u0440\u0438\u043c\u0435\u0440\u043d\u043e\u0435 \u0432\u0440\u0435\u043c\u044f \u0434\u043b\u044f \u0447\u0442\u0435\u043d\u0438\u044f":"1 \u043c\u0438\u043d\u0443\u0442\u0430"},"schema":{"@context":"https:\/\/schema.org","@graph":[{"@type":"WebPage","@id":"https:\/\/www.kuttenkeuler.de\/ru\/%d1%81%d0%bf%d0%b0%d1%81%d0%b8%d0%b1%d0%be\/","url":"https:\/\/www.kuttenkeuler.de\/ru\/%d1%81%d0%bf%d0%b0%d1%81%d0%b8%d0%b1%d0%be\/","name":"Unternehmensgruppe Kuttenkeuler - \u0421\u043f\u0430\u0441\u0438\u0431\u043e","isPartOf":{"@id":"https:\/\/www.kuttenkeuler.de\/#website"},"datePublished":"2026-03-11T09:49:24+00:00","dateModified":"2026-03-11T09:54:13+00:00","breadcrumb":{"@id":"https:\/\/www.kuttenkeuler.de\/ru\/%d1%81%d0%bf%d0%b0%d1%81%d0%b8%d0%b1%d0%be\/#breadcrumb"},"inLanguage":"ru-RU","potentialAction":[{"@type":"ReadAction","target":["https:\/\/www.kuttenkeuler.de\/ru\/%d1%81%d0%bf%d0%b0%d1%81%d0%b8%d0%b1%d0%be\/"]}]},{"@type":"BreadcrumbList","@id":"https:\/\/www.kuttenkeuler.de\/ru\/%d1%81%d0%bf%d0%b0%d1%81%d0%b8%d0%b1%d0%be\/#breadcrumb","itemListElement":[{"@type":"ListItem","position":1,"name":"Startseite","item":"https:\/\/www.kuttenkeuler.de\/ru\/"},{"@type":"ListItem","position":2,"name":"\u0421\u043f\u0430\u0441\u0438\u0431\u043e"}]},{"@type":"WebSite","@id":"https:\/\/www.kuttenkeuler.de\/#website","url":"https:\/\/www.kuttenkeuler.de\/","name":"Unternehmensgruppe Kuttenkeuler - Tankstellen, Motor\u00f6le und Schmierstoffe, Chemische Produkte, Kraftstoffe","description":"","publisher":{"@id":"https:\/\/www.kuttenkeuler.de\/#organization"},"alternateName":"Unternehmensgruppe Kuttenkeuler","potentialAction":[{"@type":"SearchAction","target":{"@type":"EntryPoint","urlTemplate":"https:\/\/www.kuttenkeuler.de\/?s={search_term_string}"},"query-input":{"@type":"PropertyValueSpecification","valueRequired":true,"valueName":"search_term_string"}}],"inLanguage":"ru-RU"},{"@type":"Organization","@id":"https:\/\/www.kuttenkeuler.de\/#organization","name":"Kuttenkeuler Mineral\u00f6lhandels- und Tankstellenbetriebsgesellschaft mbH","url":"https:\/\/www.kuttenkeuler.de\/","logo":{"@type":"ImageObject","inLanguage":"ru-RU","@id":"https:\/\/www.kuttenkeuler.de\/#\/schema\/logo\/image\/","url":"https:\/\/www.kuttenkeuler.de\/wp-content\/uploads\/2023\/10\/logo_org.png","contentUrl":"https:\/\/www.kuttenkeuler.de\/wp-content\/uploads\/2023\/10\/logo_org.png","width":600,"height":205,"caption":"Kuttenkeuler Mineral\u00f6lhandels- und Tankstellenbetriebsgesellschaft mbH"},"image":{"@id":"https:\/\/www.kuttenkeuler.de\/#\/schema\/logo\/image\/"}}]}},"_links":{"self":[{"href":"https:\/\/www.kuttenkeuler.de\/ru\/wp-json\/wp\/v2\/pages\/23364","targetHints":{"allow":["GET"]}}],"collection":[{"href":"https:\/\/www.kuttenkeuler.de\/ru\/wp-json\/wp\/v2\/pages"}],"about":[{"href":"https:\/\/www.kuttenkeuler.de\/ru\/wp-json\/wp\/v2\/types\/page"}],"author":[{"embeddable":true,"href":"https:\/\/www.kuttenkeuler.de\/ru\/wp-json\/wp\/v2\/users\/1"}],"replies":[{"embeddable":true,"href":"https:\/\/www.kuttenkeuler.de\/ru\/wp-json\/wp\/v2\/comments?post=23364"}],"version-history":[{"count":2,"href":"https:\/\/www.kuttenkeuler.de\/ru\/wp-json\/wp\/v2\/pages\/23364\/revisions"}],"predecessor-version":[{"id":23369,"href":"https:\/\/www.kuttenkeuler.de\/ru\/wp-json\/wp\/v2\/pages\/23364\/revisions\/23369"}],"wp:featuredmedia":[{"embeddable":true,"href":"https:\/\/www.kuttenkeuler.de\/ru\/wp-json\/"}],"wp:attachment":[{"href":"https:\/\/www.kuttenkeuler.de\/ru\/wp-json\/wp\/v2\/media?parent=23364"}],"curies":[{"name":"wp","href":"https:\/\/api.w.org\/{rel}","templated":true}]}}