{"id":617,"date":"2023-10-16T12:07:55","date_gmt":"2023-10-16T10:07:55","guid":{"rendered":"https:\/\/www.kuttenkeuler.de\/imprint\/"},"modified":"2024-08-29T13:11:16","modified_gmt":"2024-08-29T11:11:16","slug":"imprint","status":"publish","type":"page","link":"https:\/\/www.kuttenkeuler.de\/en\/imprint\/","title":{"rendered":"Imprint"},"content":{"rendered":"<div class=\"wpb-content-wrapper\"><p>[vc_row css=&#8221;.vc_custom_1698747751359{margin-top: -50px !important;padding-right: 20px !important;padding-left: 20px !important;background-color: #ffffff !important;}&#8221;][vc_column width=&#8221;1\/2&#8243;][vc_column_text]<\/p>\n<h2 id=\"middle1\" class=\"gunmetal\">Imprint<\/h2>\n<h3>Responsible for content according to \u00a7 55 II RStV:<\/h3>\n<p>Carsten M\u00fcller Dieselstra\u00dfe 10 50996 K\u00f6ln +49 2236 96203-0<\/p>\n<h6>Kuttenkeuler Mineral\u00f6lhandels- und Tankstellenbetriebsgesellschaft mbH Dieselstra\u00dfe 10 50996 K\u00f6ln<\/h6>\n<p>Handelsregister: Amtsgericht K\u00f6ln HRB 849 Mitglied der IHK K\u00f6ln, Nr. 46969603 USt-ID-Nr. DE 180349238 Gesch\u00e4ftsf\u00fchrung: Carsten M\u00fcller Das Design, die Text, Grafiken und Formulare sind durch Copyright, Rechte an geistigem Eigentum und allen anderen entsprechenden Rechten gesch\u00fctzt.  Duplicating, storing or copying of this website or parts of it is allowed only with previous written agreement of Kuttenkeuler GmbH. For the purposes of ordering products the permission to print one of those page necessary for this purpose is hereby explicitly given. All further rights are reserved. Trade marks, logos and trade names are &#8211; if not different set- trademarks of the concerned owners. All information presented in this website are compiled with greatest possible care and to the best of knowledge and belief. We do not guarantee for the nature, corectness or completeness of the information. It is strictly prohibited to bind pages into frames of other websites. However, adapting links to pages of this website is allowed and desired. &nbsp; The European Union has set up an online platform (\u201cOS platform\u201d) for out-of-court settlements of consumer disputes, which you will soon be able to contact. The platform can be found at: <a href=\"http:\/\/ec.europa.eu\/consumers\/odr\">http:\/\/ec.europa.eu\/consumers\/odr<\/a>. Information according to the Consumer Dispute Settlement Act (VSBG): We are neither willing nor obliged to take part in dispute resolution proceedings before a consumer arbitration board within the meaning of the Consumer Dispute Settlement Act.[\/vc_column_text][\/vc_column][vc_column width=&#8221;1\/2&#8243;][vc_column_text]<\/p>\n<h2>Contact<\/h2>\n<p>[\/vc_column_text]\n<div class=\"wpcf7 no-js\" id=\"wpcf7-f2291-o1\" lang=\"de-DE\" dir=\"ltr\" data-wpcf7-id=\"2291\">\n<div class=\"screen-reader-response\"><p role=\"status\" aria-live=\"polite\" aria-atomic=\"true\"><\/p> <ul><\/ul><\/div>\n<form action=\"\/en\/wp-json\/wp\/v2\/pages\/617#wpcf7-f2291-o1\" method=\"post\" class=\"wpcf7-form init\" aria-label=\"Kontaktformular\" novalidate=\"novalidate\" data-status=\"init\">\n<fieldset class=\"hidden-fields-container\"><input type=\"hidden\" name=\"_wpcf7\" value=\"2291\" \/><input type=\"hidden\" name=\"_wpcf7_version\" value=\"6.1.5\" \/><input type=\"hidden\" name=\"_wpcf7_locale\" value=\"de_DE_formal\" \/><input type=\"hidden\" name=\"_wpcf7_unit_tag\" value=\"wpcf7-f2291-o1\" \/><input type=\"hidden\" name=\"_wpcf7_container_post\" value=\"0\" \/><input type=\"hidden\" name=\"_wpcf7_posted_data_hash\" value=\"\" \/><input type=\"hidden\" name=\"_wpcf7_recaptcha_response\" value=\"\" \/>\n<\/fieldset>\n<p><label> Your name<br \/>\n<span class=\"wpcf7-form-control-wrap\" data-name=\"your-name\"><input size=\"40\" maxlength=\"400\" class=\"wpcf7-form-control wpcf7-text wpcf7-validates-as-required\" autocomplete=\"name\" aria-required=\"true\" aria-invalid=\"false\" value=\"\" type=\"text\" name=\"your-name\" \/><\/span> <\/label>\n<\/p>\n<p><label> Company<br \/>\n<span class=\"wpcf7-form-control-wrap\" data-name=\"your-company\"><input size=\"40\" maxlength=\"400\" class=\"wpcf7-form-control wpcf7-text wpcf7-validates-as-required\" aria-required=\"true\" aria-invalid=\"false\" value=\"\" type=\"text\" name=\"your-company\" \/><\/span> <\/label>\n<\/p>\n<p><label> Your email address<br \/>\n<span class=\"wpcf7-form-control-wrap\" data-name=\"your-email\"><input size=\"40\" maxlength=\"400\" class=\"wpcf7-form-control wpcf7-email wpcf7-validates-as-required wpcf7-text wpcf7-validates-as-email\" autocomplete=\"email\" aria-required=\"true\" aria-invalid=\"false\" value=\"\" type=\"email\" name=\"your-email\" \/><\/span> <\/label>\n<\/p>\n<p><label> Subject<br \/>\n<span class=\"wpcf7-form-control-wrap\" data-name=\"your-subject\"><input size=\"40\" maxlength=\"400\" class=\"wpcf7-form-control wpcf7-text wpcf7-validates-as-required\" aria-required=\"true\" aria-invalid=\"false\" value=\"\" type=\"text\" name=\"your-subject\" \/><\/span> <\/label>\n<\/p>\n<p><label> Your message (optional)<br \/>\n<span class=\"wpcf7-form-control-wrap\" data-name=\"your-message\"><textarea cols=\"40\" rows=\"10\" maxlength=\"2000\" class=\"wpcf7-form-control wpcf7-textarea\" aria-invalid=\"false\" name=\"your-message\"><\/textarea><\/span> <\/label>\n<\/p>\n<style>.dse_chkbox>span {margin:0}\n<\/style>\n<p>When you submit this form, your data will be transmitted encrypted using SSL. To use your data, you can find <a href=\"\/datenschutz\/\">here our data protection declaration<\/a>.<br \/>\n<span class=\"wpcf7-form-control-wrap\" data-name=\"checkbox-570\"><span class=\"wpcf7-form-control wpcf7-checkbox wpcf7-validates-as-required dse_chkbox\"><span class=\"wpcf7-list-item first last\"><input type=\"checkbox\" name=\"checkbox-570[]\" value=\"I have read and agree to the privacy policy\" \/><span class=\"wpcf7-list-item-label\">I have read and agree to the privacy policy<\/span><\/span><\/span><\/span>\n<\/p>\n<p><span id=\"wpcf7-69dd3a6d898b1-wrapper\" class=\"wpcf7-form-control-wrap name-last-wrap\" style=\"display:none !important; visibility:hidden !important;\"><label for=\"wpcf7-69dd3a6d898b1-field\" class=\"hp-message\">Bitte lassen Sie dieses Feld leer.<\/label><input id=\"wpcf7-69dd3a6d898b1-field\"  class=\"wpcf7-form-control wpcf7-text\" type=\"text\" name=\"name-last\" value=\"\" size=\"40\" tabindex=\"-1\" autocomplete=\"new-password\" \/><\/span><br \/>\n<input class=\"wpcf7-form-control wpcf7-submit has-spinner\" type=\"submit\" value=\"Send\" \/><br \/>\n<script>\ndocument.addEventListener('wpcf7mailsent', function(event) {\n window.location.href = 'https:\/\/www.kuttenkeuler.de\/danke\/';\n}, false);\n<\/script>\n<\/p><div class=\"wpcf7-response-output\" aria-hidden=\"true\"><\/div>\n<\/form>\n<\/div>\n[\/vc_column][\/vc_row]<\/p>\n<\/div>","protected":false},"excerpt":{"rendered":"<p>[vc_row css=&#8221;.vc_custom_1698747751359{margin-top: -50px !important;padding-right: 20px !important;padding-left: 20px !important;background-color: #ffffff !important;}&#8221;][vc_column width=&#8221;1\/2&#8243;][vc_column_text] Imprint Responsible for content according to \u00a7 55 II RStV: Carsten M\u00fcller Dieselstra\u00dfe 10 50996<span class=\"excerpt-hellip\"> [\u2026]<\/span><\/p>\n","protected":false},"author":1,"featured_media":0,"parent":0,"menu_order":0,"comment_status":"closed","ping_status":"closed","template":"","meta":{"inline_featured_image":false,"footnotes":""},"class_list":["post-617","page","type-page","status-publish","hentry"],"yoast_head":"<!-- This site is optimized with the Yoast SEO Premium plugin v27.0 (Yoast SEO v27.0) - https:\/\/yoast.com\/product\/yoast-seo-premium-wordpress\/ -->\n<title>Unternehmensgruppe Kuttenkeuler - Imprint<\/title>\n<meta name=\"robots\" content=\"index, follow, max-snippet:-1, max-image-preview:large, max-video-preview:-1\" \/>\n<link rel=\"canonical\" href=\"https:\/\/www.kuttenkeuler.de\/en\/imprint\/\" \/>\n<meta property=\"og:locale\" content=\"en_US\" \/>\n<meta property=\"og:type\" content=\"article\" \/>\n<meta property=\"og:title\" content=\"Imprint\" \/>\n<meta property=\"og:description\" content=\"[vc_row css=&#8221;.vc_custom_1698747751359{margin-top: -50px !important;padding-right: 20px !important;padding-left: 20px !important;background-color: #ffffff !important;}&#8221;][vc_column width=&#8221;1\/2&#8243;][vc_column_text] Imprint Responsible for content according to \u00a7 55 II RStV: Carsten M\u00fcller Dieselstra\u00dfe 10 50996 [\u2026]\" \/>\n<meta property=\"og:url\" content=\"https:\/\/www.kuttenkeuler.de\/en\/imprint\/\" \/>\n<meta property=\"og:site_name\" content=\"Unternehmensgruppe Kuttenkeuler\" \/>\n<meta property=\"article:modified_time\" content=\"2024-08-29T11:11:16+00:00\" \/>\n<meta property=\"og:image\" content=\"https:\/\/www.kuttenkeuler.de\/wp-content\/uploads\/2023\/10\/map_logo-1.png\" \/>\n\t<meta property=\"og:image:width\" content=\"1200\" \/>\n\t<meta property=\"og:image:height\" content=\"929\" \/>\n\t<meta property=\"og:image:type\" content=\"image\/png\" \/>\n<meta name=\"twitter:card\" content=\"summary_large_image\" \/>\n<meta name=\"twitter:label1\" content=\"Est. reading time\" \/>\n\t<meta name=\"twitter:data1\" content=\"2 minutes\" \/>\n<script type=\"application\/ld+json\" class=\"yoast-schema-graph\">{\"@context\":\"https:\/\/schema.org\",\"@graph\":[{\"@type\":\"WebPage\",\"@id\":\"https:\/\/www.kuttenkeuler.de\/en\/imprint\/\",\"url\":\"https:\/\/www.kuttenkeuler.de\/en\/imprint\/\",\"name\":\"Unternehmensgruppe Kuttenkeuler - Imprint\",\"isPartOf\":{\"@id\":\"https:\/\/www.kuttenkeuler.de\/#website\"},\"datePublished\":\"2023-10-16T10:07:55+00:00\",\"dateModified\":\"2024-08-29T11:11:16+00:00\",\"breadcrumb\":{\"@id\":\"https:\/\/www.kuttenkeuler.de\/en\/imprint\/#breadcrumb\"},\"inLanguage\":\"en-US\",\"potentialAction\":[{\"@type\":\"ReadAction\",\"target\":[\"https:\/\/www.kuttenkeuler.de\/en\/imprint\/\"]}]},{\"@type\":\"BreadcrumbList\",\"@id\":\"https:\/\/www.kuttenkeuler.de\/en\/imprint\/#breadcrumb\",\"itemListElement\":[{\"@type\":\"ListItem\",\"position\":1,\"name\":\"Startseite\",\"item\":\"https:\/\/www.kuttenkeuler.de\/en\/\"},{\"@type\":\"ListItem\",\"position\":2,\"name\":\"Imprint\"}]},{\"@type\":\"WebSite\",\"@id\":\"https:\/\/www.kuttenkeuler.de\/#website\",\"url\":\"https:\/\/www.kuttenkeuler.de\/\",\"name\":\"Unternehmensgruppe Kuttenkeuler - Tankstellen, Motor\u00f6le und Schmierstoffe, Chemische Produkte, Kraftstoffe\",\"description\":\"\",\"publisher\":{\"@id\":\"https:\/\/www.kuttenkeuler.de\/#organization\"},\"alternateName\":\"Unternehmensgruppe Kuttenkeuler\",\"potentialAction\":[{\"@type\":\"SearchAction\",\"target\":{\"@type\":\"EntryPoint\",\"urlTemplate\":\"https:\/\/www.kuttenkeuler.de\/?s={search_term_string}\"},\"query-input\":{\"@type\":\"PropertyValueSpecification\",\"valueRequired\":true,\"valueName\":\"search_term_string\"}}],\"inLanguage\":\"en-US\"},{\"@type\":\"Organization\",\"@id\":\"https:\/\/www.kuttenkeuler.de\/#organization\",\"name\":\"Kuttenkeuler Mineral\u00f6lhandels- und Tankstellenbetriebsgesellschaft mbH\",\"url\":\"https:\/\/www.kuttenkeuler.de\/\",\"logo\":{\"@type\":\"ImageObject\",\"inLanguage\":\"en-US\",\"@id\":\"https:\/\/www.kuttenkeuler.de\/#\/schema\/logo\/image\/\",\"url\":\"https:\/\/www.kuttenkeuler.de\/wp-content\/uploads\/2023\/10\/logo_org.png\",\"contentUrl\":\"https:\/\/www.kuttenkeuler.de\/wp-content\/uploads\/2023\/10\/logo_org.png\",\"width\":600,\"height\":205,\"caption\":\"Kuttenkeuler Mineral\u00f6lhandels- und Tankstellenbetriebsgesellschaft mbH\"},\"image\":{\"@id\":\"https:\/\/www.kuttenkeuler.de\/#\/schema\/logo\/image\/\"}}]}<\/script>\n<!-- \/ Yoast SEO Premium plugin. -->","yoast_head_json":{"title":"Unternehmensgruppe Kuttenkeuler - Imprint","robots":{"index":"index","follow":"follow","max-snippet":"max-snippet:-1","max-image-preview":"max-image-preview:large","max-video-preview":"max-video-preview:-1"},"canonical":"https:\/\/www.kuttenkeuler.de\/en\/imprint\/","og_locale":"en_US","og_type":"article","og_title":"Imprint","og_description":"[vc_row css=&#8221;.vc_custom_1698747751359{margin-top: -50px !important;padding-right: 20px !important;padding-left: 20px !important;background-color: #ffffff !important;}&#8221;][vc_column width=&#8221;1\/2&#8243;][vc_column_text] Imprint Responsible for content according to \u00a7 55 II RStV: Carsten M\u00fcller Dieselstra\u00dfe 10 50996 [\u2026]","og_url":"https:\/\/www.kuttenkeuler.de\/en\/imprint\/","og_site_name":"Unternehmensgruppe Kuttenkeuler","article_modified_time":"2024-08-29T11:11:16+00:00","og_image":[{"width":1200,"height":929,"url":"https:\/\/www.kuttenkeuler.de\/wp-content\/uploads\/2023\/10\/map_logo-1.png","type":"image\/png"}],"twitter_card":"summary_large_image","twitter_misc":{"Est. reading time":"2 minutes"},"schema":{"@context":"https:\/\/schema.org","@graph":[{"@type":"WebPage","@id":"https:\/\/www.kuttenkeuler.de\/en\/imprint\/","url":"https:\/\/www.kuttenkeuler.de\/en\/imprint\/","name":"Unternehmensgruppe Kuttenkeuler - Imprint","isPartOf":{"@id":"https:\/\/www.kuttenkeuler.de\/#website"},"datePublished":"2023-10-16T10:07:55+00:00","dateModified":"2024-08-29T11:11:16+00:00","breadcrumb":{"@id":"https:\/\/www.kuttenkeuler.de\/en\/imprint\/#breadcrumb"},"inLanguage":"en-US","potentialAction":[{"@type":"ReadAction","target":["https:\/\/www.kuttenkeuler.de\/en\/imprint\/"]}]},{"@type":"BreadcrumbList","@id":"https:\/\/www.kuttenkeuler.de\/en\/imprint\/#breadcrumb","itemListElement":[{"@type":"ListItem","position":1,"name":"Startseite","item":"https:\/\/www.kuttenkeuler.de\/en\/"},{"@type":"ListItem","position":2,"name":"Imprint"}]},{"@type":"WebSite","@id":"https:\/\/www.kuttenkeuler.de\/#website","url":"https:\/\/www.kuttenkeuler.de\/","name":"Unternehmensgruppe Kuttenkeuler - Tankstellen, Motor\u00f6le und Schmierstoffe, Chemische Produkte, Kraftstoffe","description":"","publisher":{"@id":"https:\/\/www.kuttenkeuler.de\/#organization"},"alternateName":"Unternehmensgruppe Kuttenkeuler","potentialAction":[{"@type":"SearchAction","target":{"@type":"EntryPoint","urlTemplate":"https:\/\/www.kuttenkeuler.de\/?s={search_term_string}"},"query-input":{"@type":"PropertyValueSpecification","valueRequired":true,"valueName":"search_term_string"}}],"inLanguage":"en-US"},{"@type":"Organization","@id":"https:\/\/www.kuttenkeuler.de\/#organization","name":"Kuttenkeuler Mineral\u00f6lhandels- und Tankstellenbetriebsgesellschaft mbH","url":"https:\/\/www.kuttenkeuler.de\/","logo":{"@type":"ImageObject","inLanguage":"en-US","@id":"https:\/\/www.kuttenkeuler.de\/#\/schema\/logo\/image\/","url":"https:\/\/www.kuttenkeuler.de\/wp-content\/uploads\/2023\/10\/logo_org.png","contentUrl":"https:\/\/www.kuttenkeuler.de\/wp-content\/uploads\/2023\/10\/logo_org.png","width":600,"height":205,"caption":"Kuttenkeuler Mineral\u00f6lhandels- und Tankstellenbetriebsgesellschaft mbH"},"image":{"@id":"https:\/\/www.kuttenkeuler.de\/#\/schema\/logo\/image\/"}}]}},"_links":{"self":[{"href":"https:\/\/www.kuttenkeuler.de\/en\/wp-json\/wp\/v2\/pages\/617","targetHints":{"allow":["GET"]}}],"collection":[{"href":"https:\/\/www.kuttenkeuler.de\/en\/wp-json\/wp\/v2\/pages"}],"about":[{"href":"https:\/\/www.kuttenkeuler.de\/en\/wp-json\/wp\/v2\/types\/page"}],"author":[{"embeddable":true,"href":"https:\/\/www.kuttenkeuler.de\/en\/wp-json\/wp\/v2\/users\/1"}],"replies":[{"embeddable":true,"href":"https:\/\/www.kuttenkeuler.de\/en\/wp-json\/wp\/v2\/comments?post=617"}],"version-history":[{"count":5,"href":"https:\/\/www.kuttenkeuler.de\/en\/wp-json\/wp\/v2\/pages\/617\/revisions"}],"predecessor-version":[{"id":2308,"href":"https:\/\/www.kuttenkeuler.de\/en\/wp-json\/wp\/v2\/pages\/617\/revisions\/2308"}],"wp:attachment":[{"href":"https:\/\/www.kuttenkeuler.de\/en\/wp-json\/wp\/v2\/media?parent=617"}],"curies":[{"name":"wp","href":"https:\/\/api.w.org\/{rel}","templated":true}]}}